{"id":174,"date":"2019-11-11T02:14:51","date_gmt":"2019-11-11T02:14:51","guid":{"rendered":"https:\/\/movingdowntown.ca\/fr\/?page_id=174"},"modified":"2026-01-15T03:12:10","modified_gmt":"2026-01-15T03:12:10","slug":"prix","status":"publish","type":"page","link":"https:\/\/movingdowntown.ca\/fr\/prix\/","title":{"rendered":"Prix d\u00e9m\u00e9nagement"},"content":{"rendered":"\t\t<div data-elementor-type=\"wp-page\" data-elementor-id=\"174\" class=\"elementor elementor-174\" data-elementor-post-type=\"page\">\n\t\t\t\t\t\t<section class=\"elementor-section elementor-top-section elementor-element elementor-element-2dd26d0 elementor-section-boxed elementor-section-height-default elementor-section-height-default\" data-id=\"2dd26d0\" data-element_type=\"section\" data-e-type=\"section\">\n\t\t\t\t\t\t<div class=\"elementor-container elementor-column-gap-default\">\n\t\t\t\t\t<div class=\"elementor-column elementor-col-100 elementor-top-column elementor-element elementor-element-d01be16\" data-id=\"d01be16\" data-element_type=\"column\" data-e-type=\"column\" data-settings=\"{&quot;background_background&quot;:&quot;classic&quot;}\">\n\t\t\t<div class=\"elementor-widget-wrap elementor-element-populated\">\n\t\t\t\t\t\t<div class=\"elementor-element elementor-element-1b83cd6 elementor-widget elementor-widget-html\" data-id=\"1b83cd6\" data-element_type=\"widget\" data-e-type=\"widget\" data-widget_type=\"html.default\">\n\t\t\t\t\t<p align=\"right\"><a href=\"https:\/\/movingdowntown.ca\/price\/\"><img decoding=\"async\" title=\"English\" src=\"https:\/\/movingdowntown.ca\/wp-content\/uploads\/2019\/10\/en.png\" alt=\"en\" \/><\/a><\/p>\t\t\t\t<\/div>\n\t\t\t\t<div class=\"elementor-element elementor-element-1d55af9 elementor-widget elementor-widget-heading\" data-id=\"1d55af9\" data-element_type=\"widget\" data-e-type=\"widget\" data-widget_type=\"heading.default\">\n\t\t\t\t\t<h1 class=\"elementor-heading-title elementor-size-default\">Prix D\u00e9m\u00e9nagement<\/h1>\t\t\t\t<\/div>\n\t\t\t\t<section class=\"elementor-section elementor-inner-section elementor-element elementor-element-d4df79a elementor-section-boxed elementor-section-height-default elementor-section-height-default\" data-id=\"d4df79a\" data-element_type=\"section\" data-e-type=\"section\">\n\t\t\t\t\t\t<div class=\"elementor-container elementor-column-gap-default\">\n\t\t\t\t\t<div class=\"elementor-column elementor-col-50 elementor-inner-column elementor-element elementor-element-6ec8ccd\" data-id=\"6ec8ccd\" data-element_type=\"column\" data-e-type=\"column\">\n\t\t\t<div class=\"elementor-widget-wrap elementor-element-populated\">\n\t\t\t\t\t\t<div class=\"elementor-element elementor-element-667eada elementor-drop-cap-yes elementor-drop-cap-view-default elementor-widget elementor-widget-text-editor\" data-id=\"667eada\" data-element_type=\"widget\" data-e-type=\"widget\" data-settings=\"{&quot;drop_cap&quot;:&quot;yes&quot;}\" data-widget_type=\"text-editor.default\">\n\t\t\t\t\t\t\t\t\t<p><span class=\"tlid-translation translation\" lang=\"fr\"><span title=\"\"><strong>Avant le 20 juin ou \u00e0 partir du 3 juille<\/strong>t<\/span><\/span><\/p><ul><li><span class=\"tlid-translation translation\" lang=\"fr\"><span class=\"\" title=\"\"><strong>55 $ &#8211; 75 $<\/strong> CAN par heure pour un camion et un d\u00e9m\u00e9nageur comme chauffeur;<\/span><\/span><\/li><li><span class=\"tlid-translation translation\" lang=\"fr\"><span class=\"\" title=\"\"><strong>85 $ &#8211; 135 $<\/strong> CAN par heure pour 2 d\u00e9m\u00e9nageurs avec un camion;<\/span><\/span><\/li><li><span class=\"tlid-translation translation\" lang=\"fr\"><span class=\"\" title=\"\"><strong>105 &#8211; 155 $<\/strong> CAN par heure pour 3 d\u00e9m\u00e9nageurs avec un camion;<\/span><\/span><\/li><li><span class=\"tlid-translation translation\" lang=\"fr\"><span class=\"\" title=\"\"><strong>25 $ &#8211; 45 $<\/strong> CAN par heure pour chaque d\u00e9m\u00e9nageur suppl\u00e9mentaire.<\/span><\/span><\/li><\/ul><p><strong>Entre le 20 juin et le 3 juillet<\/strong><\/p><ul><li><strong>75 $ &#8211; 125 $<\/strong> CAN par heure pour un camion et un d\u00e9m\u00e9nageur comme chauffeur;<\/li><li><strong>120 $ &#8211; 250 $<\/strong> CAN par heure pour 2 d\u00e9m\u00e9nageurs <span class=\"tlid-translation translation\" lang=\"fr\"><span class=\"\" title=\"\">avec un camion<\/span><\/span>;<\/li><li><strong>140 $ &#8211; 295 $<\/strong> CAN par heure pour 3 d\u00e9m\u00e9nageurs <span class=\"tlid-translation translation\" lang=\"fr\"><span class=\"\" title=\"\">avec un camion<\/span><\/span>;<\/li><li><strong>35 $ \u200b\u200b- 95 $<\/strong> CAN par heure pour chaque d\u00e9m\u00e9nageur suppl\u00e9mentaire.<\/li><\/ul><p><strong><span class=\"tlid-translation translation\" lang=\"fr\"><span class=\"\" title=\"\">Nos tarifs seront bas\u00e9s sur 3 crit\u00e8res:<\/span><\/span><\/strong><\/p><ol><li><span class=\"tlid-translation translation\" lang=\"fr\"><span class=\"\" title=\"\">Date de votre d\u00e9m\u00e9nagement;<\/span><\/span><\/li><li><span class=\"tlid-translation translation\" lang=\"fr\"><span class=\"\" title=\"\">Le nombre de d\u00e9m\u00e9nageurs requis pour votre d\u00e9m\u00e9nagement;<\/span><\/span><\/li><li><span class=\"tlid-translation translation\" lang=\"fr\"><span class=\"\" title=\"\">La distance entre la premi\u00e8re et la deuxi\u00e8me adresses.<\/span><\/span><\/li><\/ol><p><strong><span class=\"tlid-translation translation\" lang=\"fr\"><span class=\"\" title=\"\">Le prix inclus:<\/span><\/span><\/strong><\/p><ul><li>Assurance cargo<\/li><li>Camions de diff\u00e9rentes grandeurs 18 \u00e0 26 pieds.<\/li><li>Chaque camion est compl\u00e8tement \u00e9quip\u00e9 avec: chariots \u00e0 deux rues, des chariots \u00e0 quatre rues, des bandes; des courroies, des couvertures de d\u00e9m\u00e9nagement;<\/li><li>Outils pour assemblage de meuble<\/li><li>Tapis couvre-plancher pour prot\u00e9ger le plancher<\/li><li>Enveloppe de r\u00e9tr\u00e9cissement pour garder vos meubles, sacs pour les matelas<\/li><li>Bo\u00eetes \u00e0 garde-robes, gratuits pour la journ\u00e9e de votre d\u00e9m\u00e9nagement.<\/li><li>Nous d\u00e9monterons et r\u00e9assemblerons toutes sortes de meubles, comme: commode, lits, berceaux, armoires, cuisine, etc.<\/li><\/ul><p><strong>Nous facturons un minimum de deux heures de travail + <span class=\"ver\" title=\"Normalement, les nombres \u00e0 un seul chiffre s'\u00e9crivent en lettres, par ex.: &lt;i&gt;&lt;b&gt;deux&lt;\/b&gt; personnes&lt;\/i&gt;.\">1 heure<\/span> pour le temps de d\u00e9placement. <\/strong>Le temps de d\u00e9placement est consid\u00e9r\u00e9 le temps qu&rsquo;il nous faut d&rsquo;aller chez vous et pour <span class=\"ver\" title=\"\">se retourner au<\/span> garage, apr\u00e8s que le camion soit d\u00e9charg\u00e9. Vous ne payez que pour le temps de travail pas plus.<\/p>\t\t\t\t\t\t\t\t<\/div>\n\t\t\t\t\t<\/div>\n\t\t<\/div>\n\t\t\t\t<div class=\"elementor-column elementor-col-50 elementor-inner-column elementor-element elementor-element-70d10c4\" data-id=\"70d10c4\" data-element_type=\"column\" data-e-type=\"column\" data-settings=\"{&quot;background_background&quot;:&quot;classic&quot;}\">\n\t\t\t<div class=\"elementor-widget-wrap elementor-element-populated\">\n\t\t\t\t\t\t<div class=\"elementor-element elementor-element-fd5bd53 elementor-widget elementor-widget-html\" data-id=\"fd5bd53\" data-element_type=\"widget\" data-e-type=\"widget\" data-widget_type=\"html.default\">\n\t\t\t\t\t<form  id=\"contact\" action=\"\/fr\/wp-content\/themes\/glob\/mail.php\" method=\"post\">\n<h3>Devis Rapide 24H<\/h3>\n\t<a><label for=\"name\">Date<\/label><br><input type=\"date\" name=\"name\" id=\"name\" placeholder=\"jj\/mm\/aaaa\" required=\"\">\n\t\n\t<p><label for=\"url\">Type de D\u00e9m\u00e9nagement<\/label><br>\n\t<select name=\"type\"  id=\"url\" required=\"\"><option value=\"\" disabled=\"\" selected=\"\">Choisir option<\/option><option value=\"Residential Moving\">D\u00e9m\u00e9nagement r\u00e9sidentiel<\/option><option value=\"Commercial Moving\">D\u00e9m\u00e9nagement commercial<\/option><option value=\"Industrial Moving\">D\u00e9m\u00e9nagement industriel<\/option><option value=\"Piano Moving\">D\u00e9m\u00e9nagement Piano<\/option><option value=\"Billiard Moving\">D\u00e9m\u00e9nagement Billiard <\/option><option value=\"Delivery\">Livraison<\/option><option value=\"Storage\">Entreposage<\/option><option value=\"Furniture Assembly\">Assemblage de meubles<\/option><option value=\"Kitchen Assembly\">Assemblage de cuisine<\/option><\/select><\/p>\n\n<div><label for=\"author\">Adresse et Code Postal<\/label><br><input type=\"text\" name=\"departure\" id=\"departure\" placeholder=\"Adresse de d\u00e9part\" required=\"\"><\/div>\n\n<div>\n<input type=\"radio\" class=\"name1\" value=\"Apartment\" id=\"type\" name=\"name1\">\n<label class=\"vfb-choice\" for=\"0\">Appartement<\/label\n\t>\n<input type=\"radio\" class=\"name1 \" value=\"House\" id=\"type1\" name=\"name1\">\n<label class=\"vfb-choice\" for=\"2\">Maison<\/label>\n<input type=\"radio\" class=\"name1 \" value=\"Office\" id=\"type2\" name=\"name1\">\n<label class=\"vfb-choice\" for=\"3\">Bureau<\/label>\n<div style=\"clear:both\">\n<\/div>\n<\/div>\n<p><a><select name=\"size\"  id=\"size\" required=\"\"><option value=\"\" disabled=\"\" selected=\"\">Grandeur<\/option><option value=\"1-1\/2\">1-1\/2<\/option><option value=\"2-1\/2\">2-1\/2<\/option><option value=\"3-1\/2\">3-1\/2<\/option><option value=\"4-1\/2\">4-1\/2<\/option><option value=\"5-1\/2\">5-1\/2<\/option><option value=\"6-1\/2\">6-1\/2<\/option><option value=\"7-1\/2\">7-1\/2<\/option><option value=\"8-1\/2\">8-1\/2<\/option><\/select><\/a>\n\t<a><select name=\"sub1\"  id=\"sub1\" required=\"\"><option value=\"\" disabled=\"\" selected=\"\">\u00c9tage<\/option><option value=\"Basement\">Sous-sol<\/option><option value=\"Ground\">Rez de chauss\u00e9e<\/option><option value=\"Second\">Premi\u00e8re<\/option><option value=\"Second\">Deuxi\u00e8me<\/option><option value=\"Third\">Troisi\u00e8me<\/option><option value=\"Fourth\">Quatri\u00e8me<\/option><option value=\"Elevator\">Ascenseur<\/option><\/select><\/a><\/p>\n\n<div><a><label for=\"arrival\">Adresse et Code Postal<\/label><br><input type=\"text\" name=\"arrival\" id=\"arrival\" placeholder=\"Adresse d'arriv\u00e9e\" required=\"\"><\/a><\/div>\n\n<div><select name=\"sub\" id=\"sub\" required=\"\"><option value=\"\" disabled=\"\" selected=\"\">Choisir \u00e9tage<\/option><option value=\"Basement\">Sous-sol<\/option><option value=\"Ground\">Rez de chauss\u00e9e<\/option><option value=\"Second\">Premi\u00e8re<\/option><option value=\"Second\">Deuxi\u00e8me<\/option><option value=\"Third\">Troisi\u00e8me<\/option><option value=\"Fourth\">Quatri\u00e8me<\/option><option value=\"Elevator\">Ascenseur<\/option><\/select>\n<\/div>\n\n<div><input type=\"email\" name=\"email\"  id=\"email\" placeholder=\"E-@mail.com\" required=\"\"><\/div>\n\t<div> <input type=\"text\" name=\"tel\" id=\"tel\" placeholder=\"Num\u00e9ro de t\u00e9l\u00e9phone\" required=\"\"><\/div>\n\t<div><textarea name=\"message\" cols=\"20\" rows=\"3\"  id=\"comment\" placeholder=\"Message\" required=\"\"><\/textarea><\/div><\/a>\n\n<div class=\"w0\"><textarea id=\"message1\" class=\"w100 border\" name=\"message1\" rows=\"5\"><\/textarea>\n<input id=\"check\" name=\"check\" type=\"text\" value=\"\" \/><\/div>\n<input id=\"submit\" type=\"submit\" value=\"Envoyer\" onclick=\"document.getElementById('check').value = 'stopSpam';\" \/>\n<div id=\"note\"><\/div>\n<div id=\"fields\"><\/div>\n<\/form>\n\n\t\t\t\t<\/div>\n\t\t\t\t<div class=\"elementor-element elementor-element-670e95c elementor-widget elementor-widget-spacer\" data-id=\"670e95c\" data-element_type=\"widget\" data-e-type=\"widget\" data-widget_type=\"spacer.default\">\n\t\t\t\t\t\t\t<div class=\"elementor-spacer\">\n\t\t\t<div class=\"elementor-spacer-inner\"><\/div>\n\t\t<\/div>\n\t\t\t\t\t\t<\/div>\n\t\t\t\t<div class=\"elementor-element elementor-element-febabd6 elementor-button-warning elementor-align-center elementor-widget elementor-widget-button\" data-id=\"febabd6\" data-element_type=\"widget\" data-e-type=\"widget\" data-widget_type=\"button.default\">\n\t\t\t\t\t\t\t\t\t\t<a class=\"elementor-button elementor-button-link elementor-size-xs\" href=\"https:\/\/www.paypal.com\/cgi-bin\/webscr?cmd=_s-xclick&#038;hosted_button_id=F2YVABA7AXKVA\" target=\"_blank\" rel=\"noopener\">\n\t\t\t\t\t\t<span class=\"elementor-button-content-wrapper\">\n\t\t\t\t\t\t<span class=\"elementor-button-icon\">\n\t\t\t\t<i aria-hidden=\"true\" class=\"fab fa-cc-paypal\"><\/i>\t\t\t<\/span>\n\t\t\t\t\t\t\t\t\t<span class=\"elementor-button-text\">Payer<\/span>\n\t\t\t\t\t<\/span>\n\t\t\t\t\t<\/a>\n\t\t\t\t\t\t\t\t<\/div>\n\t\t\t\t<div class=\"elementor-element elementor-element-a84524d elementor-hidden-phone elementor-widget elementor-widget-spacer\" data-id=\"a84524d\" data-element_type=\"widget\" data-e-type=\"widget\" data-widget_type=\"spacer.default\">\n\t\t\t\t\t\t\t<div class=\"elementor-spacer\">\n\t\t\t<div class=\"elementor-spacer-inner\"><\/div>\n\t\t<\/div>\n\t\t\t\t\t\t<\/div>\n\t\t\t\t<div class=\"elementor-element elementor-element-328890e elementor-hidden-phone elementor-widget elementor-widget-image\" data-id=\"328890e\" data-element_type=\"widget\" data-e-type=\"widget\" data-widget_type=\"image.default\">\n\t\t\t\t\t\t\t\t\t\t\t\t\t\t\t<img decoding=\"async\" src=\"https:\/\/movingdowntown.ca\/wp-content\/uploads\/2019\/02\/old1.gif\" title=\"student discaut\" alt=\"student discaut\" loading=\"lazy\" \/>\t\t\t\t\t\t\t\t\t\t\t\t\t\t\t<\/div>\n\t\t\t\t<div class=\"elementor-element elementor-element-240f719 elementor-hidden-phone elementor-widget elementor-widget-text-editor\" data-id=\"240f719\" data-element_type=\"widget\" data-e-type=\"widget\" data-widget_type=\"text-editor.default\">\n\t\t\t\t\t\t\t\t\t<p>RABAIS 5 &#8211; 10 %<br \/>ETUDIANT<\/p>\t\t\t\t\t\t\t\t<\/div>\n\t\t\t\t<div class=\"elementor-element elementor-element-3d685f0 elementor-widget elementor-widget-image\" data-id=\"3d685f0\" data-element_type=\"widget\" data-e-type=\"widget\" data-widget_type=\"image.default\">\n\t\t\t\t\t\t\t\t\t\t\t\t\t\t\t<img decoding=\"async\" src=\"https:\/\/movingdowntown.ca\/wp-content\/uploads\/2019\/02\/agee.gif\" title=\"Moving Discount for Seniors\" alt=\"Moving Discount for Seniors\" loading=\"lazy\" \/>\t\t\t\t\t\t\t\t\t\t\t\t\t\t\t<\/div>\n\t\t\t\t<div class=\"elementor-element elementor-element-299dec3 elementor-hidden-phone elementor-widget elementor-widget-text-editor\" data-id=\"299dec3\" data-element_type=\"widget\" data-e-type=\"widget\" data-widget_type=\"text-editor.default\">\n\t\t\t\t\t\t\t\t\t<p style=\"text-align: right;\"><strong>RABAIS\u00a0 5 &#8211; 10 %<\/strong><br \/><strong>POUR A\u00ceN\u00c9S<\/strong><\/p>\t\t\t\t\t\t\t\t<\/div>\n\t\t\t\t<div class=\"elementor-element elementor-element-dfc3201 elementor-hidden-phone elementor-widget elementor-widget-spacer\" data-id=\"dfc3201\" data-element_type=\"widget\" data-e-type=\"widget\" data-widget_type=\"spacer.default\">\n\t\t\t\t\t\t\t<div class=\"elementor-spacer\">\n\t\t\t<div class=\"elementor-spacer-inner\"><\/div>\n\t\t<\/div>\n\t\t\t\t\t\t<\/div>\n\t\t\t\t<div class=\"elementor-element elementor-element-3171fb6 elementor-hidden-phone elementor-widget elementor-widget-image\" data-id=\"3171fb6\" data-element_type=\"widget\" data-e-type=\"widget\" data-widget_type=\"image.default\">\n\t\t\t\t\t\t\t\t\t\t\t\t\t\t\t<img decoding=\"async\" src=\"https:\/\/movingdowntown.ca\/wp-content\/uploads\/2019\/02\/online-estimate-discount.gif\" title=\"online estimate discount\" alt=\"online estimate discount\" loading=\"lazy\" \/>\t\t\t\t\t\t\t\t\t\t\t\t\t\t\t<\/div>\n\t\t\t\t<div class=\"elementor-element elementor-element-743921f elementor-hidden-phone elementor-widget elementor-widget-text-editor\" data-id=\"743921f\" data-element_type=\"widget\" data-e-type=\"widget\" data-widget_type=\"text-editor.default\">\n\t\t\t\t\t\t\t\t\t<p>rabais 5 &#8211; 10 %<br \/>estimation<br \/>en ligne<\/p>\t\t\t\t\t\t\t\t<\/div>\n\t\t\t\t\t<\/div>\n\t\t<\/div>\n\t\t\t\t\t<\/div>\n\t\t<\/section>\n\t\t\t\t<div class=\"elementor-element elementor-element-9c6026d elementor-widget elementor-widget-text-editor\" data-id=\"9c6026d\" data-element_type=\"widget\" data-e-type=\"widget\" data-widget_type=\"text-editor.default\">\n\t\t\t\t\t\t\t\t\t<h2 style=\"text-align: center;\"><strong>Le Prix\u00a0 de D\u00e9m\u00e9nagement<\/strong><\/h2><p>La question la plus fr\u00e9quemment pos\u00e9e avant de d\u00e9m\u00e9nager est relative aux co\u00fbts de d\u00e9m\u00e9nagement. <strong><span title=\"\">Quel est le prix du d\u00e9m\u00e9nagement?<\/span> <span title=\"\">Quel est le co\u00fbt d&rsquo;un d\u00e9m\u00e9nagement r\u00e9sidentiel?<\/span> <span title=\"\">Quel est le frais d&rsquo;un d\u00e9m\u00e9nagement longue distance?<\/span> <span title=\"\">En fonction de quels facteurs le prix peut varier?<\/span><\/strong><\/p><h4><strong>Le prix de d\u00e9m\u00e9nagement avant le 20 juin ou \u00e0 partir du 3 juillet.<\/strong><\/h4><p>Le prix de d\u00e9m\u00e9nagement local avec un d\u00e9m\u00e9nageur comme chauffeur est \u00e0 partir 65 $ l&rsquo;heure. <b>Notre entreprise exige un minimum de deux heures de travail pour chaque d\u00e9m\u00e9nagement r\u00e9gional.<\/b><\/p><p><b>Le d\u00e9m\u00e9nagement r\u00e9gional<\/b> est le d\u00e9m\u00e9nagement qui est effectu\u00e9 dans un rayon de 55 km de Montr\u00e9al.<br \/><b>\u00a0 Le prix horaire<\/b> est inclus pour tous les d\u00e9m\u00e9nagements r\u00e9sidentiels, commerciaux et locaux.<br \/>Le co\u00fbt d&rsquo;un d\u00e9m\u00e9nagement r\u00e9gulier peut varier en fonction de la demande du client.<\/p><h4><strong> Les crit\u00e8res qui peuvent varier le co\u00fbt d&rsquo;un d\u00e9m\u00e9nagement sont les suivants:<\/strong><\/h4><ul><li><strong>La distance de d\u00e9placement<\/strong><\/li><li><strong>La date du d\u00e9m\u00e9nagement<\/strong><\/li><li><strong>Le volume de travail<\/strong><\/li><li><strong>La pr\u00e9sence d&rsquo;un ascenseur et de l&rsquo;\u00e9tage de la r\u00e9sidence.<\/strong><\/li><\/ul><p><b>Une heure de d\u00e9placement est factur\u00e9e pour chaque d\u00e9m\u00e9nagement r\u00e9gional (\u00e0 moins de 55 km de Montr\u00e9al).<\/b> Le temps de d\u00e9placement peut varier seulement si le d\u00e9m\u00e9nagement est dans un rayon qui d\u00e9passe 55 km de Montr\u00e9al. Le temps de trajet correspond aux d\u00e9penses de l\u2019entreprise pour se rendre \u00e0 l\u2019adresse du client (30 min pour un d\u00e9m\u00e9nagement r\u00e9gional) et au temps n\u00e9cessaire pour retourner au stationnement une fois le d\u00e9m\u00e9nagement termin\u00e9 (30 min).<\/p><p><b>La date de d\u00e9m\u00e9nagement<\/b> <b>peut changer le co\u00fbt du d\u00e9m\u00e9nagement.<\/b><br \/>Le d\u00e9but et la fin du mois sont un peu plus chers parce que les demandes de d\u00e9m\u00e9nagement sont \u00e9lev\u00e9es. <b>Entre le 20 mai et le 3 juillet<\/b>, le frais de d\u00e9m\u00e9nagement peut doubler ou tripler, car c&rsquo;est la p\u00e9riode de la saison du d\u00e9m\u00e9nagement.<\/p><h4><b>Rabais de d\u00e9m\u00e9nagement 5-10%:<\/b><\/h4><ol><li><strong>Pour chaque milieu du mois<\/strong><\/li><li><strong>Pour les \u00e9tudiants<\/strong><\/li><li><strong>Pour les personnes \u00e2g\u00e9es<\/strong><\/li><li><strong>Pour chaque estimation faite en ligne sur notre site web<\/strong><\/li><\/ol><p><b> Un autre facteur important qui influence le co\u00fbt de d\u00e9m\u00e9nagement est la quantit\u00e9 de travail \u00e0 effectuer.<\/b> Plus de travail, n\u00e9cessite plus de d\u00e9m\u00e9nageurs et un camion plus gros aussi. En cons\u00e9quence le frais de d\u00e9m\u00e9nagement va augmenter proportionnellement \u00e0 la demande.<\/p><h3><b>Prix D\u00e9m\u00e9nagement Local<br \/><\/b><\/h3><table><tbody><tr><td width=\"108\">Dates<\/td><td width=\"96\">2 d\u00e9m\u00e9nageurs<\/td><td width=\"102\">3 d\u00e9m\u00e9nageurs<\/td><\/tr><tr><td width=\"108\">20 Mai au 30 Mai<\/td><td width=\"96\">90 &#8211; 145$\/h<\/td><td width=\"102\">115 &#8211; 160$\/h<\/td><\/tr><tr><td width=\"108\">1 Juin au 15 Juin<\/td><td width=\"96\">95 &#8211; 155$\/h<\/td><td width=\"102\">135 &#8211; 180$\/h<\/td><\/tr><tr><td width=\"108\">15 Juin au 22 Juin<\/td><td width=\"96\">120 -165$\/h<\/td><td width=\"102\">140 &#8211; 195$\/h<\/td><\/tr><tr><td width=\"108\">22 Juin au 30 Juin<\/td><td width=\"96\">130 -245$\/h<\/td><td width=\"102\">155 &#8211; 270$\/h<\/td><\/tr><tr><td width=\"108\">1 Juillet<\/td><td width=\"96\">S\/O<\/td><td width=\"102\">205 &#8211; 290$\/h<\/td><\/tr><tr><td width=\"108\">3 au 9 Juillet<\/td><td width=\"96\">100-155$\/h<\/td><td width=\"102\">130 &#8211; 180$\/h<\/td><\/tr><tr><td width=\"108\">9 Juillet au 1 Ao\u00fbt<\/td><td width=\"96\">90 &#8211; 140$\/h<\/td><td width=\"102\">110 &#8211; 160$\/h<\/td><\/tr><tr><td width=\"108\">1 Ao\u00fbt au 20 Mai<\/td><td width=\"96\">85 &#8211; 135$\/h<\/td><td width=\"102\">115 &#8211; 155$\/h<\/td><\/tr><\/tbody><\/table><p><strong>Si votre habitation compte plus que trois chambres \u00e0 coucher, il est recommand\u00e9 de prendre trois d\u00e9m\u00e9nageurs<\/strong>. De cette fa\u00e7on, vous gagnerez du temps et le co\u00fbt du d\u00e9m\u00e9nagement final sera inf\u00e9rieur ou \u00e9gal \u00e0 celui de deux d\u00e9m\u00e9nageurs. Dans le cas o\u00f9, la maison est grande et que vous devez d\u00e9m\u00e9nager des objets sp\u00e9ciaux tels qu&rsquo;un piano, une table de billard ou des objets tr\u00e8s lourds&#8230; vous devez-nous contacter. Nous enverrons un repr\u00e9sentant de l&rsquo;entreprise \u00e0 votre domicile pour faire un devis gratuit. Lorsque notre agent a \u00e9tabli l&rsquo;estimation et donne un prix fixe pour votre d\u00e9m\u00e9nagement, celui-ci reste inchang\u00e9 tant que vous ne modifiez pas les conditions de d\u00e9m\u00e9nagement.<\/p><p><b>\u00a0\u00a0 Les prix pour le d\u00e9m\u00e9nagement longue distance<\/b> est directe proportionnel \u00e0 la distance et le volume de travail \u00e0 effectuer. Pour calculer le prix de d\u00e9m\u00e9nagement longue distance c&rsquo;est mieux de nous contacter ou remplir le formulaire devis en ligne.<\/p><h4><strong>Qu\u2019est-ce que comprend le prix de d\u00e9m\u00e9nagement \u00e0 Montr\u00e9al?<\/strong><\/h4><ul><li>Camions de diff\u00e9rentes grandeurs 18 \u00e0 26 pieds.<br \/>Chaque camion est compl\u00e8tement \u00e9quip\u00e9 avec:<\/li><li>Chariots \u00e0 deux rues, des chariots \u00e0 quatre rues, des bandes; des courroies, des couvertures de d\u00e9m\u00e9nagement<\/li><li>Outils pour assemblage de meuble<\/li><li>Tapis couvre-plancher pour prot\u00e9ger le plancher<\/li><li>Enveloppe de r\u00e9tr\u00e9cissement pour garder vos meubles, sacs pour les matelas<\/li><li>Bo\u00eetes \u00e0 garde-robes, gratuits pour la journ\u00e9e de votre d\u00e9m\u00e9nagement.<\/li><li>Assurance cargo<\/li><\/ul><p><strong>Nos d\u00e9m\u00e9nageurs vont d\u00e9monter et assembler vos meubles dans la journ\u00e9e de d\u00e9m\u00e9nagement.<\/strong><\/p>\t\t\t\t\t\t\t\t<\/div>\n\t\t\t\t\t<\/div>\n\t\t<\/div>\n\t\t\t\t\t<\/div>\n\t\t<\/section>\n\t\t\t\t<\/div>\n\t\t","protected":false},"excerpt":{"rendered":"<p>Prix D\u00e9m\u00e9nagement Avant le 20 juin ou \u00e0 partir du 3 juillet 55 $ &#8211; 75 $ CAN par heure pour un camion et un d\u00e9m\u00e9nageur comme chauffeur; 85 $ &#8211; 135 $ CAN par heure pour 2 d\u00e9m\u00e9nageurs avec un camion; 105 &#8211; 155 $ CAN par heure pour 3 d\u00e9m\u00e9nageurs avec un camion; [&hellip;]<\/p>\n","protected":false},"author":2,"featured_media":0,"parent":0,"menu_order":3,"comment_status":"closed","ping_status":"closed","template":"elementor_header_footer","meta":{"site-sidebar-layout":"default","site-content-layout":"","ast-site-content-layout":"default","site-content-style":"default","site-sidebar-style":"default","ast-global-header-display":"","ast-banner-title-visibility":"","ast-main-header-display":"","ast-hfb-above-header-display":"","ast-hfb-below-header-display":"","ast-hfb-mobile-header-display":"","site-post-title":"","ast-breadcrumbs-content":"","ast-featured-img":"","footer-sml-layout":"","ast-disable-related-posts":"","theme-transparent-header-meta":"","adv-header-id-meta":"","stick-header-meta":"","header-above-stick-meta":"","header-main-stick-meta":"","header-below-stick-meta":"","astra-migrate-meta-layouts":"set","ast-page-background-enabled":"default","ast-page-background-meta":{"desktop":{"background-color":"","background-image":"","background-repeat":"repeat","background-position":"center center","background-size":"auto","background-attachment":"scroll","background-type":"","background-media":"","overlay-type":"","overlay-color":"","overlay-opacity":"","overlay-gradient":""},"tablet":{"background-color":"","background-image":"","background-repeat":"repeat","background-position":"center center","background-size":"auto","background-attachment":"scroll","background-type":"","background-media":"","overlay-type":"","overlay-color":"","overlay-opacity":"","overlay-gradient":""},"mobile":{"background-color":"","background-image":"","background-repeat":"repeat","background-position":"center center","background-size":"auto","background-attachment":"scroll","background-type":"","background-media":"","overlay-type":"","overlay-color":"","overlay-opacity":"","overlay-gradient":""}},"ast-content-background-meta":{"desktop":{"background-color":"var(--ast-global-color-5)","background-image":"","background-repeat":"repeat","background-position":"center center","background-size":"auto","background-attachment":"scroll","background-type":"","background-media":"","overlay-type":"","overlay-color":"","overlay-opacity":"","overlay-gradient":""},"tablet":{"background-color":"var(--ast-global-color-5)","background-image":"","background-repeat":"repeat","background-position":"center center","background-size":"auto","background-attachment":"scroll","background-type":"","background-media":"","overlay-type":"","overlay-color":"","overlay-opacity":"","overlay-gradient":""},"mobile":{"background-color":"var(--ast-global-color-5)","background-image":"","background-repeat":"repeat","background-position":"center center","background-size":"auto","background-attachment":"scroll","background-type":"","background-media":"","overlay-type":"","overlay-color":"","overlay-opacity":"","overlay-gradient":""}},"footnotes":""},"class_list":["post-174","page","type-page","status-publish","hentry"],"_links":{"self":[{"href":"https:\/\/movingdowntown.ca\/fr\/wp-json\/wp\/v2\/pages\/174","targetHints":{"allow":["GET"]}}],"collection":[{"href":"https:\/\/movingdowntown.ca\/fr\/wp-json\/wp\/v2\/pages"}],"about":[{"href":"https:\/\/movingdowntown.ca\/fr\/wp-json\/wp\/v2\/types\/page"}],"author":[{"embeddable":true,"href":"https:\/\/movingdowntown.ca\/fr\/wp-json\/wp\/v2\/users\/2"}],"replies":[{"embeddable":true,"href":"https:\/\/movingdowntown.ca\/fr\/wp-json\/wp\/v2\/comments?post=174"}],"version-history":[{"count":2,"href":"https:\/\/movingdowntown.ca\/fr\/wp-json\/wp\/v2\/pages\/174\/revisions"}],"predecessor-version":[{"id":29854,"href":"https:\/\/movingdowntown.ca\/fr\/wp-json\/wp\/v2\/pages\/174\/revisions\/29854"}],"wp:attachment":[{"href":"https:\/\/movingdowntown.ca\/fr\/wp-json\/wp\/v2\/media?parent=174"}],"curies":[{"name":"wp","href":"https:\/\/api.w.org\/{rel}","templated":true}]}}