{"id":210,"date":"2019-11-12T19:10:44","date_gmt":"2019-11-12T19:10:44","guid":{"rendered":"https:\/\/movingdowntown.ca\/fr\/?page_id=210"},"modified":"2026-01-15T03:12:11","modified_gmt":"2026-01-15T03:12:11","slug":"estimation","status":"publish","type":"page","link":"https:\/\/movingdowntown.ca\/fr\/estimation\/","title":{"rendered":"Estimation"},"content":{"rendered":"\t\t<div data-elementor-type=\"wp-page\" data-elementor-id=\"210\" class=\"elementor elementor-210\" data-elementor-post-type=\"page\">\n\t\t\t\t\t\t<section class=\"elementor-section elementor-top-section elementor-element elementor-element-ee3e6ca elementor-section-boxed elementor-section-height-default elementor-section-height-default\" data-id=\"ee3e6ca\" data-element_type=\"section\" data-e-type=\"section\">\n\t\t\t\t\t\t<div class=\"elementor-container elementor-column-gap-default\">\n\t\t\t\t\t<div class=\"elementor-column elementor-col-100 elementor-top-column elementor-element elementor-element-82554ca\" data-id=\"82554ca\" data-element_type=\"column\" data-e-type=\"column\">\n\t\t\t<div class=\"elementor-widget-wrap elementor-element-populated\">\n\t\t\t\t\t\t<div class=\"elementor-element elementor-element-3ad4356 elementor-widget elementor-widget-heading\" data-id=\"3ad4356\" data-element_type=\"widget\" data-e-type=\"widget\" data-widget_type=\"heading.default\">\n\t\t\t\t\t<h1 class=\"elementor-heading-title elementor-size-xl\">Estimation<\/h1>\t\t\t\t<\/div>\n\t\t\t\t\t<\/div>\n\t\t<\/div>\n\t\t\t\t\t<\/div>\n\t\t<\/section>\n\t\t\t\t<section class=\"elementor-section elementor-top-section elementor-element elementor-element-1c62c9a elementor-section-boxed elementor-section-height-default elementor-section-height-default\" data-id=\"1c62c9a\" data-element_type=\"section\" data-e-type=\"section\" data-settings=\"{&quot;background_background&quot;:&quot;classic&quot;}\">\n\t\t\t\t\t\t<div class=\"elementor-container elementor-column-gap-default\">\n\t\t\t\t\t<div class=\"elementor-column elementor-col-50 elementor-top-column elementor-element elementor-element-5b46c9f\" data-id=\"5b46c9f\" data-element_type=\"column\" data-e-type=\"column\" data-settings=\"{&quot;background_background&quot;:&quot;classic&quot;}\">\n\t\t\t<div class=\"elementor-widget-wrap elementor-element-populated\">\n\t\t\t\t\t\t<div class=\"elementor-element elementor-element-88ed952 elementor-hidden-phone elementor-widget elementor-widget-spacer\" data-id=\"88ed952\" data-element_type=\"widget\" data-e-type=\"widget\" data-widget_type=\"spacer.default\">\n\t\t\t\t\t\t\t<div class=\"elementor-spacer\">\n\t\t\t<div class=\"elementor-spacer-inner\"><\/div>\n\t\t<\/div>\n\t\t\t\t\t\t<\/div>\n\t\t\t\t<div class=\"elementor-element elementor-element-8378e1b elementor-hidden-phone elementor-widget elementor-widget-heading\" data-id=\"8378e1b\" data-element_type=\"widget\" data-e-type=\"widget\" data-widget_type=\"heading.default\">\n\t\t\t\t\t<h2 class=\"elementor-heading-title elementor-size-default\"><a href=\"https:\/\/movingdowntown.ca\/service\">Services  \ud83d\udc47 <\/a><\/h2>\t\t\t\t<\/div>\n\t\t\t\t<div class=\"elementor-element elementor-element-8de579e elementor-align-center elementor-hidden-phone elementor-widget elementor-widget-button\" data-id=\"8de579e\" data-element_type=\"widget\" data-e-type=\"widget\" data-widget_type=\"button.default\">\n\t\t\t\t\t\t\t\t\t\t<a class=\"elementor-button elementor-button-link elementor-size-xs\" href=\"https:\/\/movingdowntown.ca\/service\/residentiel\/\">\n\t\t\t\t\t\t<span class=\"elementor-button-content-wrapper\">\n\t\t\t\t\t\t\t\t\t<span class=\"elementor-button-text\">D\u00e9m\u00e9nagement R\u00e9sidentiel<\/span>\n\t\t\t\t\t<\/span>\n\t\t\t\t\t<\/a>\n\t\t\t\t\t\t\t\t<\/div>\n\t\t\t\t<div class=\"elementor-element elementor-element-5201417 elementor-align-center elementor-hidden-phone elementor-widget elementor-widget-button\" data-id=\"5201417\" data-element_type=\"widget\" data-e-type=\"widget\" data-widget_type=\"button.default\">\n\t\t\t\t\t\t\t\t\t\t<a class=\"elementor-button elementor-button-link elementor-size-xs\" href=\"https:\/\/movingdowntown.ca\/commercial\/\">\n\t\t\t\t\t\t<span class=\"elementor-button-content-wrapper\">\n\t\t\t\t\t\t\t\t\t<span class=\"elementor-button-text\">D\u00e9m\u00e9nagement Commercial<\/span>\n\t\t\t\t\t<\/span>\n\t\t\t\t\t<\/a>\n\t\t\t\t\t\t\t\t<\/div>\n\t\t\t\t<div class=\"elementor-element elementor-element-ea2bd96 elementor-align-center elementor-hidden-phone elementor-widget elementor-widget-button\" data-id=\"ea2bd96\" data-element_type=\"widget\" data-e-type=\"widget\" data-widget_type=\"button.default\">\n\t\t\t\t\t\t\t\t\t\t<a class=\"elementor-button elementor-button-link elementor-size-xs\" href=\"https:\/\/movingdowntown.ca\/service\/longue-distance\/\">\n\t\t\t\t\t\t<span class=\"elementor-button-content-wrapper\">\n\t\t\t\t\t\t\t\t\t<span class=\"elementor-button-text\">D\u00e9m\u00e9nagement de Montr\u00e9al \u00e0 Toronto<\/span>\n\t\t\t\t\t<\/span>\n\t\t\t\t\t<\/a>\n\t\t\t\t\t\t\t\t<\/div>\n\t\t\t\t<div class=\"elementor-element elementor-element-f52c71c elementor-align-center elementor-hidden-phone elementor-widget elementor-widget-button\" data-id=\"f52c71c\" data-element_type=\"widget\" data-e-type=\"widget\" data-widget_type=\"button.default\">\n\t\t\t\t\t\t\t\t\t\t<a class=\"elementor-button elementor-button-link elementor-size-xs\" href=\"https:\/\/movingdowntown.ca\/entreprise\/\">\n\t\t\t\t\t\t<span class=\"elementor-button-content-wrapper\">\n\t\t\t\t\t\t\t\t\t<span class=\"elementor-button-text\">D\u00e9m\u00e9nagement d'Entreprise<\/span>\n\t\t\t\t\t<\/span>\n\t\t\t\t\t<\/a>\n\t\t\t\t\t\t\t\t<\/div>\n\t\t\t\t<div class=\"elementor-element elementor-element-6b26227 elementor-align-center elementor-hidden-phone elementor-widget elementor-widget-button\" data-id=\"6b26227\" data-element_type=\"widget\" data-e-type=\"widget\" data-widget_type=\"button.default\">\n\t\t\t\t\t\t\t\t\t\t<a class=\"elementor-button elementor-button-link elementor-size-xs\" href=\"https:\/\/movingdowntown.ca\/service\/\">\n\t\t\t\t\t\t<span class=\"elementor-button-content-wrapper\">\n\t\t\t\t\t\t\t\t\t<span class=\"elementor-button-text\">D\u00e9m\u00e9nagement derni\u00e8re minute<\/span>\n\t\t\t\t\t<\/span>\n\t\t\t\t\t<\/a>\n\t\t\t\t\t\t\t\t<\/div>\n\t\t\t\t<div class=\"elementor-element elementor-element-27721f6 elementor-align-center elementor-hidden-phone elementor-widget elementor-widget-button\" data-id=\"27721f6\" data-element_type=\"widget\" data-e-type=\"widget\" data-widget_type=\"button.default\">\n\t\t\t\t\t\t\t\t\t\t<a class=\"elementor-button elementor-button-link elementor-size-xs\" href=\"https:\/\/movingdowntown.ca\/fr\/local\/\">\n\t\t\t\t\t\t<span class=\"elementor-button-content-wrapper\">\n\t\t\t\t\t\t\t\t\t<span class=\"elementor-button-text\">D\u00e9m\u00e9nagement R\u00e9gional et Local<\/span>\n\t\t\t\t\t<\/span>\n\t\t\t\t\t<\/a>\n\t\t\t\t\t\t\t\t<\/div>\n\t\t\t\t<div class=\"elementor-element elementor-element-55db87c elementor-align-center elementor-hidden-phone elementor-widget elementor-widget-button\" data-id=\"55db87c\" data-element_type=\"widget\" data-e-type=\"widget\" data-widget_type=\"button.default\">\n\t\t\t\t\t\t\t\t\t\t<a class=\"elementor-button elementor-button-link elementor-size-xs\" href=\"https:\/\/movingdowntown.ca\/demenagement-economique\/\">\n\t\t\t\t\t\t<span class=\"elementor-button-content-wrapper\">\n\t\t\t\t\t\t\t\t\t<span class=\"elementor-button-text\">D\u00e9m\u00e9nagement \u00e9conomique<\/span>\n\t\t\t\t\t<\/span>\n\t\t\t\t\t<\/a>\n\t\t\t\t\t\t\t\t<\/div>\n\t\t\t\t<div class=\"elementor-element elementor-element-24467a7 elementor-align-center elementor-hidden-phone elementor-widget elementor-widget-button\" data-id=\"24467a7\" data-element_type=\"widget\" data-e-type=\"widget\" data-widget_type=\"button.default\">\n\t\t\t\t\t\t\t\t\t\t<a class=\"elementor-button elementor-button-link elementor-size-xs\" href=\"https:\/\/movingdowntown.ca\/demenagement-etudiant\/\">\n\t\t\t\t\t\t<span class=\"elementor-button-content-wrapper\">\n\t\t\t\t\t\t\t\t\t<span class=\"elementor-button-text\">D\u00e9m\u00e9nagement \u00c9tudiant<\/span>\n\t\t\t\t\t<\/span>\n\t\t\t\t\t<\/a>\n\t\t\t\t\t\t\t\t<\/div>\n\t\t\t\t<div class=\"elementor-element elementor-element-31d3a42 elementor-align-center elementor-hidden-phone elementor-widget elementor-widget-button\" data-id=\"31d3a42\" data-element_type=\"widget\" data-e-type=\"widget\" data-widget_type=\"button.default\">\n\t\t\t\t\t\t\t\t\t\t<a class=\"elementor-button elementor-button-link elementor-size-xs\" href=\"https:\/\/movingdowntown.ca\/demenagement-piano\/\">\n\t\t\t\t\t\t<span class=\"elementor-button-content-wrapper\">\n\t\t\t\t\t\t\t\t\t<span class=\"elementor-button-text\">D\u00e9m\u00e9nagement Piano<\/span>\n\t\t\t\t\t<\/span>\n\t\t\t\t\t<\/a>\n\t\t\t\t\t\t\t\t<\/div>\n\t\t\t\t<div class=\"elementor-element elementor-element-d2bc9e9 elementor-align-center elementor-hidden-phone elementor-widget elementor-widget-button\" data-id=\"d2bc9e9\" data-element_type=\"widget\" data-e-type=\"widget\" data-widget_type=\"button.default\">\n\t\t\t\t\t\t\t\t\t\t<a class=\"elementor-button elementor-button-link elementor-size-xs\" href=\"https:\/\/movingdowntown.ca\/table-de-billard\/\">\n\t\t\t\t\t\t<span class=\"elementor-button-content-wrapper\">\n\t\t\t\t\t\t\t\t\t<span class=\"elementor-button-text\">D\u00e9m\u00e9nagement Table de billard<\/span>\n\t\t\t\t\t<\/span>\n\t\t\t\t\t<\/a>\n\t\t\t\t\t\t\t\t<\/div>\n\t\t\t\t<div class=\"elementor-element elementor-element-ad8e2ec elementor-align-center elementor-hidden-phone elementor-widget elementor-widget-button\" data-id=\"ad8e2ec\" data-element_type=\"widget\" data-e-type=\"widget\" data-widget_type=\"button.default\">\n\t\t\t\t\t\t\t\t\t\t<a class=\"elementor-button elementor-button-link elementor-size-xs\" href=\"https:\/\/movingdowntown.ca\/service\/sinistre\/\">\n\t\t\t\t\t\t<span class=\"elementor-button-content-wrapper\">\n\t\t\t\t\t\t\t\t\t<span class=\"elementor-button-text\">D\u00e9m\u00e9nagement post sinistre<\/span>\n\t\t\t\t\t<\/span>\n\t\t\t\t\t<\/a>\n\t\t\t\t\t\t\t\t<\/div>\n\t\t\t\t<div class=\"elementor-element elementor-element-1459508 elementor-align-center elementor-hidden-phone elementor-widget elementor-widget-button\" data-id=\"1459508\" data-element_type=\"widget\" data-e-type=\"widget\" data-widget_type=\"button.default\">\n\t\t\t\t\t\t\t\t\t\t<a class=\"elementor-button elementor-button-link elementor-size-xs\" href=\"https:\/\/movingdowntown.ca\/livraison\/\">\n\t\t\t\t\t\t<span class=\"elementor-button-content-wrapper\">\n\t\t\t\t\t\t\t\t\t<span class=\"elementor-button-text\">Livraison Porte \u00e0 Porte<\/span>\n\t\t\t\t\t<\/span>\n\t\t\t\t\t<\/a>\n\t\t\t\t\t\t\t\t<\/div>\n\t\t\t\t<div class=\"elementor-element elementor-element-cda0e27 elementor-align-center elementor-hidden-phone elementor-widget elementor-widget-button\" data-id=\"cda0e27\" data-element_type=\"widget\" data-e-type=\"widget\" data-widget_type=\"button.default\">\n\t\t\t\t\t\t\t\t\t\t<a class=\"elementor-button elementor-button-link elementor-size-xs\" href=\"https:\/\/movingdowntown.ca\/transport-de-palettes\/\">\n\t\t\t\t\t\t<span class=\"elementor-button-content-wrapper\">\n\t\t\t\t\t\t\t\t\t<span class=\"elementor-button-text\">Transport de palettes<\/span>\n\t\t\t\t\t<\/span>\n\t\t\t\t\t<\/a>\n\t\t\t\t\t\t\t\t<\/div>\n\t\t\t\t<div class=\"elementor-element elementor-element-6db666f elementor-align-center elementor-hidden-phone elementor-widget elementor-widget-button\" data-id=\"6db666f\" data-element_type=\"widget\" data-e-type=\"widget\" data-widget_type=\"button.default\">\n\t\t\t\t\t\t\t\t\t\t<a class=\"elementor-button elementor-button-link elementor-size-xs\" href=\"https:\/\/movingdowntown.ca\/emballage\/\">\n\t\t\t\t\t\t<span class=\"elementor-button-content-wrapper\">\n\t\t\t\t\t\t\t\t\t<span class=\"elementor-button-text\">Emballage<\/span>\n\t\t\t\t\t<\/span>\n\t\t\t\t\t<\/a>\n\t\t\t\t\t\t\t\t<\/div>\n\t\t\t\t<div class=\"elementor-element elementor-element-5e85e94 elementor-align-center elementor-hidden-phone elementor-widget elementor-widget-button\" data-id=\"5e85e94\" data-element_type=\"widget\" data-e-type=\"widget\" data-widget_type=\"button.default\">\n\t\t\t\t\t\t\t\t\t\t<a class=\"elementor-button elementor-button-link elementor-size-xs\" href=\"https:\/\/movingdowntown.ca\/entreposage\/\">\n\t\t\t\t\t\t<span class=\"elementor-button-content-wrapper\">\n\t\t\t\t\t\t\t\t\t<span class=\"elementor-button-text\">Entreposage<\/span>\n\t\t\t\t\t<\/span>\n\t\t\t\t\t<\/a>\n\t\t\t\t\t\t\t\t<\/div>\n\t\t\t\t<div class=\"elementor-element elementor-element-618ee44 elementor-align-center elementor-hidden-phone elementor-widget elementor-widget-button\" data-id=\"618ee44\" data-element_type=\"widget\" data-e-type=\"widget\" data-widget_type=\"button.default\">\n\t\t\t\t\t\t\t\t\t\t<a class=\"elementor-button elementor-button-link elementor-size-xs\" href=\"https:\/\/movingdowntown.ca\/assemblage-de-meuble\/\">\n\t\t\t\t\t\t<span class=\"elementor-button-content-wrapper\">\n\t\t\t\t\t\t\t\t\t<span class=\"elementor-button-text\">Assemblage de Meuble<\/span>\n\t\t\t\t\t<\/span>\n\t\t\t\t\t<\/a>\n\t\t\t\t\t\t\t\t<\/div>\n\t\t\t\t<div class=\"elementor-element elementor-element-7823d4c elementor-align-center elementor-hidden-phone elementor-widget elementor-widget-button\" data-id=\"7823d4c\" data-element_type=\"widget\" data-e-type=\"widget\" data-widget_type=\"button.default\">\n\t\t\t\t\t\t\t\t\t\t<a class=\"elementor-button elementor-button-link elementor-size-xs\" href=\"https:\/\/movingdowntown.ca\/assemblage-de-cuisine\/\">\n\t\t\t\t\t\t<span class=\"elementor-button-content-wrapper\">\n\t\t\t\t\t\t\t\t\t<span class=\"elementor-button-text\">Assemblage de Cuisine<\/span>\n\t\t\t\t\t<\/span>\n\t\t\t\t\t<\/a>\n\t\t\t\t\t\t\t\t<\/div>\n\t\t\t\t<div class=\"elementor-element elementor-element-31c67cf elementor-align-center elementor-hidden-phone elementor-widget elementor-widget-button\" data-id=\"31c67cf\" data-element_type=\"widget\" data-e-type=\"widget\" data-widget_type=\"button.default\">\n\t\t\t\t\t\t\t\t\t\t<a class=\"elementor-button elementor-button-link elementor-size-xs\" href=\"https:\/\/movingdowntown.ca\/vente-de-boites\/\">\n\t\t\t\t\t\t<span class=\"elementor-button-content-wrapper\">\n\t\t\t\t\t\t\t\t\t<span class=\"elementor-button-text\">Bo\u00eetes de d\u00e9m\u00e9nagement<\/span>\n\t\t\t\t\t<\/span>\n\t\t\t\t\t<\/a>\n\t\t\t\t\t\t\t\t<\/div>\n\t\t\t\t<div class=\"elementor-element elementor-element-9a1b19a elementor-align-center elementor-hidden-phone elementor-widget elementor-widget-button\" data-id=\"9a1b19a\" data-element_type=\"widget\" data-e-type=\"widget\" data-widget_type=\"button.default\">\n\t\t\t\t\t\t\t\t\t\t<a class=\"elementor-button elementor-button-link elementor-size-xs\" href=\"https:\/\/movingdowntown.ca\/nettoyage\/\">\n\t\t\t\t\t\t<span class=\"elementor-button-content-wrapper\">\n\t\t\t\t\t\t\t\t\t<span class=\"elementor-button-text\">Nettoyage <\/span>\n\t\t\t\t\t<\/span>\n\t\t\t\t\t<\/a>\n\t\t\t\t\t\t\t\t<\/div>\n\t\t\t\t\t<\/div>\n\t\t<\/div>\n\t\t\t\t<div class=\"elementor-column elementor-col-50 elementor-top-column elementor-element elementor-element-213ac53\" data-id=\"213ac53\" data-element_type=\"column\" data-e-type=\"column\" data-settings=\"{&quot;background_background&quot;:&quot;classic&quot;}\">\n\t\t\t<div class=\"elementor-widget-wrap elementor-element-populated\">\n\t\t\t\t\t\t<div class=\"elementor-element elementor-element-38de104 elementor-widget elementor-widget-html\" data-id=\"38de104\" data-element_type=\"widget\" data-e-type=\"widget\" data-widget_type=\"html.default\">\n\t\t\t\t\t<form enctype=\"multipart\/form-data\" id=\"contact\" action=\"\/wp-content\/themes\/glob\/mail.php\" method=\"post\">\r\n\r\n<form id=\"contact\" action=\"\/fr\/wp-content\/themes\/glob\/mail.php\" method=\"post\">\r\n <a><label for=\"name\">Date<\/label><br><input type=\"date\" name=\"name\" id=\"name\" placeholder=\"dd\/mm\/yyyy\" required=\"\"><\/a>\r\n\r\n<p><a><label for=\"url\">Type D\u00e9m\u00e9nagement<\/label><br>\r\n <select name=\"type\"  id=\"url\" required=\"\"><option value=\"\" disabled=\"\" selected=\"\">Choisir option<\/option><option value=\"Residential Moving\">D\u00e9m\u00e9nagement r\u00e9sidentiel<\/option><option value=\"Commercial Moving\">D\u00e9m\u00e9nagement commercial<\/option><option value=\"Industrial Moving\">D\u00e9m\u00e9nagement industriel<\/option><option value=\"Piano Moving\">D\u00e9m\u00e9nagement Piano<\/option><option value=\"Billiard Moving\">D\u00e9m\u00e9nagement Billiard <\/option><option value=\"Delivery\">Livraison<\/option><option value=\"Storage\">Entreposage<\/option><option value=\"Furniture Assembly\">Assemblage de meubles<\/option><option value=\"Kitchen Assembly\">Assemblage de cuisine<\/option><\/select><\/a><\/p>\r\n\r\n<div><a><label for=\"author\">Adresse et Code Postal<\/label><br><input type=\"text\" name=\"departure\" id=\"departure\" placeholder=\"Adresse de d\u00e9part\" required=\"\"><\/a><\/div>\r\n<div><span>\r\n<input type=\"radio\" class=\"name1\" value=\"Apartment\" id=\"type\" name=\"name1\">\r\n<label class=\"vfb-choice\" for=\"0\">Apartment<\/label>\r\n<\/span>\r\n<span>\r\n<input type=\"radio\" class=\"name1 \" value=\"Condo\" id=\"type\" name=\"name1\">\r\n<label class=\"vfb-choice\" for=\"1\">Condo<\/label>\r\n<\/span>\r\n<span>\r\n<input type=\"radio\" class=\"name1 \" value=\"House\" id=\"type\" name=\"name1\">\r\n<label class=\"vfb-choice\" for=\"2\">House<\/label>\r\n<\/span>\r\n<span>\r\n<input type=\"radio\" class=\"name1 \" value=\"Office\" id=\"type\" name=\"name1\">\r\n<label class=\"vfb-choice\" for=\"3\">Office<\/label>\r\n<\/span>\r\n<span>\r\n<input type=\"radio\" class=\"name1 \" value=\"Chalet\" id=\"type\" name=\"name1\">\r\n<label class=\"vfb-choice\" for=\"4\">Chalet<\/label>\r\n<\/span>\r\n<div style=\"clear:both\">\r\n<\/div>\r\n<\/div>\r\n<p><a><label for=\"size\">Grandeur<\/label><select name=\"size\"  id=\"size\" required=\"\"><option value=\"\" disabled=\"\" selected=\"\">Choisir grandeur<\/option><option value=\"1-1\/2\">1-1\/2<\/option><option value=\"2-1\/2\">2-1\/2<\/option><option value=\"3-1\/2\">3-1\/2<\/option><option value=\"4-1\/2\">4-1\/2<\/option><option value=\"5-1\/2\">5-1\/2<\/option><option value=\"6-1\/2\">6-1\/2<\/option><option value=\"7-1\/2\">7-1\/2<\/option><option value=\"8-1\/2\">8-1\/2<\/option><\/select><\/a>\r\n <a><label for=\"sub1\">\u00c9tage<\/label><select name=\"sub1\"  id=\"sub1\" required=\"\"><option value=\"\" disabled=\"\" selected=\"\">Choisir \u00e9tage<\/option><option value=\"Basement\">Sous-sol<\/option><option value=\"Ground\">Rez de chauss\u00e9e<\/option><option value=\"Second\">Premi\u00e8re<\/option><option value=\"Second\">Deuxi\u00e8me<\/option><option value=\"Third\">Troisi\u00e8me<\/option><option value=\"Fourth\">Quatri\u00e8me<\/option><option value=\"Elevator\">Ascenseur<\/option><\/select><\/a><\/p>\r\n\r\n<div><a><label for=\"arrival\">Adresse et Code Postal<\/label><br><input type=\"text\" name=\"arrival\" id=\"arrival\" placeholder=\"Adresse d'arriv\u00e9e\" required=\"\"><\/a><\/div>\r\n\r\n<div><a><label for=\"sub\">\u00c9tage<\/label><br><select name=\"sub\" id=\"sub\" required=\"\"><option value=\"\" disabled=\"\" selected=\"\">Choisir \u00e9tage<\/option><option value=\"Basement\">Sous-sol<\/option><option value=\"Ground\">Rez de chauss\u00e9e<\/option><option value=\"Second\">Premi\u00e8re<\/option><option value=\"Second\">Deuxi\u00e8me<\/option><option value=\"Third\">Troisi\u00e8me<\/option><option value=\"Fourth\">Quatri\u00e8me<\/option><option value=\"Elevator\">Ascenseur<\/option><\/select><\/a>\r\n<\/div>\r\n\r\n<div><a><label for=\"email\">E-mail<\/label><br><input type=\"email\" name=\"email\" id=\"email\" placeholder=\"E-@mail.com\" required=\"\"><\/a><\/div>\r\n <div><a><label for=\"sub\">T\u00e9l\u00e9phone<\/label><br><input type=\"text\" name=\"tel\" id=\"tel\" placeholder=\"Num\u00e9ro de t\u00e9l\u00e9phone\" required=\"\"><\/a><\/div>\r\n <div><a><label for=\"comment\">Message<\/label><br><textarea name=\"message\" cols=\"20\" rows=\"3\" id=\"comment\" placeholder=\"Message\" required=\"\"><\/textarea><\/a><\/div>\r\n\r\n<div class=\"w0\"><textarea id=\"message1\" class=\"w100 border\" name=\"message1\" rows=\"5\"><\/textarea>\r\n<input id=\"check\" name=\"check\" type=\"text\" value=\"\" \/><\/div>\r\n<input id=\"submit\" type=\"submit\" value=\"Envoyer\" onclick=\"document.getElementById('check').value = 'stopSpam';\" \/>\r\n<div id=\"note\"><\/div>\r\n<div id=\"fields\"><\/div>\r\n<\/form>\t\t\t\t<\/div>\n\t\t\t\t\t<\/div>\n\t\t<\/div>\n\t\t\t\t\t<\/div>\n\t\t<\/section>\n\t\t\t\t<\/div>\n\t\t","protected":false},"excerpt":{"rendered":"<p>Estimation Services \ud83d\udc47 D\u00e9m\u00e9nagement R\u00e9sidentiel D\u00e9m\u00e9nagement Commercial D\u00e9m\u00e9nagement de Montr\u00e9al \u00e0 Toronto D\u00e9m\u00e9nagement d&rsquo;Entreprise D\u00e9m\u00e9nagement derni\u00e8re minute D\u00e9m\u00e9nagement R\u00e9gional et Local D\u00e9m\u00e9nagement \u00e9conomique D\u00e9m\u00e9nagement \u00c9tudiant D\u00e9m\u00e9nagement Piano D\u00e9m\u00e9nagement Table de billard D\u00e9m\u00e9nagement post sinistre Livraison Porte \u00e0 Porte Transport de palettes Emballage Entreposage Assemblage de Meuble Assemblage de Cuisine Bo\u00eetes de d\u00e9m\u00e9nagement Nettoyage Date Type [&hellip;]<\/p>\n","protected":false},"author":2,"featured_media":0,"parent":0,"menu_order":4,"comment_status":"closed","ping_status":"closed","template":"elementor_header_footer","meta":{"site-sidebar-layout":"default","site-content-layout":"","ast-site-content-layout":"default","site-content-style":"default","site-sidebar-style":"default","ast-global-header-display":"","ast-banner-title-visibility":"","ast-main-header-display":"","ast-hfb-above-header-display":"","ast-hfb-below-header-display":"","ast-hfb-mobile-header-display":"","site-post-title":"","ast-breadcrumbs-content":"","ast-featured-img":"","footer-sml-layout":"","ast-disable-related-posts":"","theme-transparent-header-meta":"","adv-header-id-meta":"","stick-header-meta":"","header-above-stick-meta":"","header-main-stick-meta":"","header-below-stick-meta":"","astra-migrate-meta-layouts":"set","ast-page-background-enabled":"default","ast-page-background-meta":{"desktop":{"background-color":"","background-image":"","background-repeat":"repeat","background-position":"center center","background-size":"auto","background-attachment":"scroll","background-type":"","background-media":"","overlay-type":"","overlay-color":"","overlay-opacity":"","overlay-gradient":""},"tablet":{"background-color":"","background-image":"","background-repeat":"repeat","background-position":"center center","background-size":"auto","background-attachment":"scroll","background-type":"","background-media":"","overlay-type":"","overlay-color":"","overlay-opacity":"","overlay-gradient":""},"mobile":{"background-color":"","background-image":"","background-repeat":"repeat","background-position":"center center","background-size":"auto","background-attachment":"scroll","background-type":"","background-media":"","overlay-type":"","overlay-color":"","overlay-opacity":"","overlay-gradient":""}},"ast-content-background-meta":{"desktop":{"background-color":"var(--ast-global-color-5)","background-image":"","background-repeat":"repeat","background-position":"center center","background-size":"auto","background-attachment":"scroll","background-type":"","background-media":"","overlay-type":"","overlay-color":"","overlay-opacity":"","overlay-gradient":""},"tablet":{"background-color":"var(--ast-global-color-5)","background-image":"","background-repeat":"repeat","background-position":"center center","background-size":"auto","background-attachment":"scroll","background-type":"","background-media":"","overlay-type":"","overlay-color":"","overlay-opacity":"","overlay-gradient":""},"mobile":{"background-color":"var(--ast-global-color-5)","background-image":"","background-repeat":"repeat","background-position":"center center","background-size":"auto","background-attachment":"scroll","background-type":"","background-media":"","overlay-type":"","overlay-color":"","overlay-opacity":"","overlay-gradient":""}},"footnotes":""},"class_list":["post-210","page","type-page","status-publish","hentry"],"_links":{"self":[{"href":"https:\/\/movingdowntown.ca\/fr\/wp-json\/wp\/v2\/pages\/210","targetHints":{"allow":["GET"]}}],"collection":[{"href":"https:\/\/movingdowntown.ca\/fr\/wp-json\/wp\/v2\/pages"}],"about":[{"href":"https:\/\/movingdowntown.ca\/fr\/wp-json\/wp\/v2\/types\/page"}],"author":[{"embeddable":true,"href":"https:\/\/movingdowntown.ca\/fr\/wp-json\/wp\/v2\/users\/2"}],"replies":[{"embeddable":true,"href":"https:\/\/movingdowntown.ca\/fr\/wp-json\/wp\/v2\/comments?post=210"}],"version-history":[{"count":2,"href":"https:\/\/movingdowntown.ca\/fr\/wp-json\/wp\/v2\/pages\/210\/revisions"}],"predecessor-version":[{"id":29853,"href":"https:\/\/movingdowntown.ca\/fr\/wp-json\/wp\/v2\/pages\/210\/revisions\/29853"}],"wp:attachment":[{"href":"https:\/\/movingdowntown.ca\/fr\/wp-json\/wp\/v2\/media?parent=210"}],"curies":[{"name":"wp","href":"https:\/\/api.w.org\/{rel}","templated":true}]}}