{"id":232,"date":"2019-11-13T01:54:26","date_gmt":"2019-11-13T01:54:26","guid":{"rendered":"https:\/\/movingdowntown.ca\/fr\/?page_id=232"},"modified":"2026-01-15T03:12:12","modified_gmt":"2026-01-15T03:12:12","slug":"emploi","status":"publish","type":"page","link":"https:\/\/movingdowntown.ca\/fr\/emploi\/","title":{"rendered":"Emploi D\u00e9m\u00e9nageur \u00e0 Montr\u00e9al | Rejoignez Moving Downtown"},"content":{"rendered":"\t\t<div data-elementor-type=\"wp-page\" data-elementor-id=\"232\" class=\"elementor elementor-232\" data-elementor-post-type=\"page\">\n\t\t\t\t\t\t<section class=\"elementor-section elementor-top-section elementor-element elementor-element-9c57489 elementor-section-boxed elementor-section-height-default elementor-section-height-default\" data-id=\"9c57489\" data-element_type=\"section\" data-e-type=\"section\" data-settings=\"{&quot;background_background&quot;:&quot;gradient&quot;}\">\n\t\t\t\t\t\t\t<div class=\"elementor-background-overlay\"><\/div>\n\t\t\t\t\t\t\t<div class=\"elementor-container elementor-column-gap-no\">\n\t\t\t\t\t<div class=\"elementor-column elementor-col-50 elementor-top-column elementor-element elementor-element-668d692\" data-id=\"668d692\" data-element_type=\"column\" data-e-type=\"column\">\n\t\t\t<div class=\"elementor-widget-wrap elementor-element-populated\">\n\t\t\t\t\t\t<div class=\"elementor-element elementor-element-6ae6f94 elementor-widget elementor-widget-heading\" data-id=\"6ae6f94\" data-element_type=\"widget\" data-e-type=\"widget\" data-widget_type=\"heading.default\">\n\t\t\t\t\t<h2 class=\"elementor-heading-title elementor-size-default\">Rejoignez l'\u00c9quipe de Moving Downtown<\/h2>\t\t\t\t<\/div>\n\t\t\t\t<div class=\"elementor-element elementor-element-d5e4a52 elementor-widget elementor-widget-text-editor\" data-id=\"d5e4a52\" data-element_type=\"widget\" data-e-type=\"widget\" data-widget_type=\"text-editor.default\">\n\t\t\t\t\t\t\t\t\t<p><strong>Vous avez de l\u2019exp\u00e9rience en tant que d\u00e9m\u00e9nageur, emballeur, chauffeur de camion, assembleur de meubles ou commis au service \u00e0 la client\u00e8le ?<\/strong><br \/>Dans ce cas, <strong>Moving Downtown Montr\u00e9al<\/strong> est l\u2019endroit id\u00e9al pour vous ! Nous recherchons des candidats dynamiques pour rejoindre notre \u00e9quipe de professionnels du d\u00e9m\u00e9nagement.<\/p><p><strong><img fetchpriority=\"high\" decoding=\"async\" class=\"size-medium wp-image-26556 alignleft\" src=\"https:\/\/movingdowntown.ca\/wp-content\/uploads\/2023\/03\/Demenageurs-Professionnels-300x225.jpg\" alt=\"D\u00e9m\u00e9nageurs Professionnels\" width=\"300\" height=\"225\" srcset=\"https:\/\/movingdowntown.ca\/wp-content\/uploads\/2023\/03\/Demenageurs-Professionnels-300x225.jpg 300w, https:\/\/movingdowntown.ca\/wp-content\/uploads\/2023\/03\/Demenageurs-Professionnels-768x576.jpg 768w, https:\/\/movingdowntown.ca\/wp-content\/uploads\/2023\/03\/Demenageurs-Professionnels.jpg 960w\" sizes=\"(max-width: 300px) 100vw, 300px\" \/>Moving Downtown Montr\u00e9al<\/strong> est une entreprise de d\u00e9m\u00e9nagement en pleine expansion, offrant une gamme compl\u00e8te de services dans les r\u00e9gions de Montr\u00e9al, Rive-Sud et Rive-Nord. Nous nous engageons \u00e0 fournir un service de qualit\u00e9 sup\u00e9rieure \u00e0 nos clients, avec une \u00e9quipe de d\u00e9m\u00e9nageurs professionnels et responsables.<\/p><hr \/><h2><strong>Pourquoi Travailler Chez Moving Downtown ?<\/strong><\/h2><p>Chez Moving Downtown, nous valorisons le travail d&rsquo;\u00e9quipe, l&rsquo;int\u00e9grit\u00e9 et la passion pour le service \u00e0 la client\u00e8le. Nos employ\u00e9s b\u00e9n\u00e9ficient de nombreux avantages, dont des horaires flexibles et des opportunit\u00e9s de croissance professionnelle.<\/p><h3><strong>\u00c0 propos de Moving Downtown<\/strong><\/h3><p><strong><img decoding=\"async\" class=\"size-medium wp-image-26335 alignright\" src=\"https:\/\/movingdowntown.ca\/wp-content\/uploads\/2023\/03\/Thorndale-300x225.jpg\" alt=\"Emballeur de meubles\" width=\"300\" height=\"225\" \/>Votre partenaire de confiance pour le d\u00e9m\u00e9nagement \u00e0 Montr\u00e9al<\/strong><br \/>Nous sommes une soci\u00e9t\u00e9 sp\u00e9cialis\u00e9e dans les d\u00e9m\u00e9nagements locaux et longue distance. Notre \u00e9quipe d\u00e9vou\u00e9e met un point d&rsquo;honneur \u00e0 maintenir des relations solides avec nos clients. La qualit\u00e9, la fiabilit\u00e9 et le d\u00e9vouement sont au c\u0153ur de notre mission. <a href=\"https:\/\/movingdowntown.ca\/service\/\">D\u00e9couvrez nos services de d\u00e9m\u00e9nagement \u00e0 Montr\u00e9al<\/a>.<\/p><hr \/><h3><strong>Postes disponibles chez Moving Downtown<\/strong><\/h3><p>Nous recrutons pour plusieurs postes, y compris :<\/p><ul><li><strong>D\u00e9m\u00e9nageur<\/strong> &#8211; Responsabilit\u00e9s: Transporter les biens des clients, emballer et d\u00e9baller les articles, fournir un excellent service client.<\/li><li><strong>Superviseur de D\u00e9m\u00e9nagement<\/strong> &#8211; Responsabilit\u00e9s: Superviser l&rsquo;\u00e9quipe de d\u00e9m\u00e9nageurs, assurer la qualit\u00e9 du service, g\u00e9rer la logistique des d\u00e9m\u00e9nagements.<\/li><li><strong>Chauffeur-D\u00e9m\u00e9nageur<\/strong><\/li><li><strong>Emballeur<\/strong><\/li><li><strong>Assembleur de meubles<\/strong><\/li><li><strong>Commis au service \u00e0 la client\u00e8le<\/strong><\/li><\/ul><p>Id\u00e9al pour ceux qui recherchent un emploi stimulant et vari\u00e9 !<\/p><hr \/><h3><strong>Exigences pour rejoindre notre \u00e9quipe<\/strong><\/h3><ul><li><strong>Bonne forme physique et d\u00e9brouillardise<\/strong><\/li><li><strong>Permis de conduire de classe 5 valide<\/strong> (poste r\u00e9serv\u00e9 aux conducteurs)<\/li><li><strong>Casier judiciaire vierge<\/strong><\/li><li><strong>Comp\u00e9tences n\u00e9cessaires<\/strong> : savoir emballer, assembler des meubles et manipuler les marchandises avec soin<\/li><li><strong>Travail en \u00e9quipe<\/strong><\/li><li><strong>Respect des normes de s\u00e9curit\u00e9<\/strong> : bottes de s\u00e9curit\u00e9 et pantalons de travail obligatoires<\/li><li><strong>Flexibilit\u00e9 et ponctualit\u00e9<\/strong> : nous recherchons des d\u00e9m\u00e9nageurs disponibles rapidement, notamment les week-ends.<\/li><li><strong>Excellentes comp\u00e9tences interpersonnelles<\/strong> : courtoisie, sociabilit\u00e9, fiabilit\u00e9 et enthousiasme sont essentiels.<\/li><\/ul><p><strong>Langues<\/strong> : Le poste de commis au service \u00e0 la client\u00e8le n\u00e9cessite la ma\u00eetrise du fran\u00e7ais ou de l&rsquo;anglais.<\/p><hr \/><h4><strong>Ce que nous offrons<\/strong><\/h4><ul><li><strong>Travail ind\u00e9pendant<\/strong> et vari\u00e9<\/li><li><strong>Emploi permanent ou \u00e0 temps partiel<\/strong><\/li><li><strong>Formation pay\u00e9e<\/strong><\/li><li><strong>Horaire flexible<\/strong><\/li><li><strong>Travail sur appel<\/strong><\/li><li><strong>Salaire comp\u00e9titif<\/strong> : \u00e0 partir de 19 $\/h pour les d\u00e9m\u00e9nageurs et 23 $\/h pour les chauffeurs-d\u00e9m\u00e9nageurs<\/li><\/ul><hr \/><div><div><div><div><div>\u00a0<\/div><\/div><\/div><\/div><\/div><div><div><div><div><div><p>Voici une version combin\u00e9e et harmonis\u00e9e des deux textes, concise et optimis\u00e9e :<\/p><hr \/><h3><strong>Comment Postuler ?<\/strong><\/h3><\/div><\/div><\/div><\/div><\/div><p>Si vous \u00eates int\u00e9ress\u00e9 par l\u2019un de nos postes, envoyez-nous votre CV et une lettre de motivation \u00e0 <strong><a href=\"mailto:recrutement@movingdowntown.ca\">info@movingdowntown.ca<\/a><\/strong>, en pr\u00e9cisant le poste pour lequel vous postulez : <strong>d\u00e9m\u00e9nageur, emballeur, commis au service \u00e0 la client\u00e8le, assembleur de meubles ou chauffeur-d\u00e9m\u00e9nageur<\/strong> (temps plein, partiel, week-end ou sur appel).<\/p><p>Vous pouvez \u00e9galement soumettre votre candidature via notre <strong>formulaire en ligne<\/strong> en cliquant sur le bouton ci-dessous.<\/p><p><button>Postuler maintenant<\/button><\/p><hr \/><h3><strong>Confidentialit\u00e9 des candidatures<\/strong><\/h3><p>Nous respectons la <strong>Loi sur la protection des renseignements personnels et les documents \u00e9lectroniques (LPRPDE)<\/strong> en vigueur depuis le 1er janvier 2004. Vos informations personnelles seront prot\u00e9g\u00e9es et utilis\u00e9es uniquement pour le processus de recrutement. Seuls les candidats s\u00e9lectionn\u00e9s pour une entrevue seront contact\u00e9s.<\/p><hr \/><h3><strong>Lieu de travail<\/strong><\/h3><p>Montr\u00e9al, Qu\u00e9bec, Canada.<\/p><p><strong>Parfait pour les \u00e9tudiants \u00e0 la recherche d&rsquo;un emploi d&rsquo;\u00e9t\u00e9 !<\/strong><\/p>\t\t\t\t\t\t\t\t<\/div>\n\t\t\t\t\t<\/div>\n\t\t<\/div>\n\t\t\t\t<div class=\"elementor-column elementor-col-50 elementor-top-column elementor-element elementor-element-baa2aac\" data-id=\"baa2aac\" data-element_type=\"column\" data-e-type=\"column\" data-settings=\"{&quot;background_background&quot;:&quot;classic&quot;}\">\n\t\t\t<div class=\"elementor-widget-wrap elementor-element-populated\">\n\t\t\t\t\t\t<div class=\"elementor-element elementor-element-908cf84 elementor-widget elementor-widget-spacer\" data-id=\"908cf84\" data-element_type=\"widget\" data-e-type=\"widget\" data-widget_type=\"spacer.default\">\n\t\t\t\t\t\t\t<div class=\"elementor-spacer\">\n\t\t\t<div class=\"elementor-spacer-inner\"><\/div>\n\t\t<\/div>\n\t\t\t\t\t\t<\/div>\n\t\t\t\t<div class=\"elementor-element elementor-element-7830748 elementor-widget elementor-widget-spacer\" data-id=\"7830748\" data-element_type=\"widget\" data-e-type=\"widget\" data-widget_type=\"spacer.default\">\n\t\t\t\t\t\t\t<div class=\"elementor-spacer\">\n\t\t\t<div class=\"elementor-spacer-inner\"><\/div>\n\t\t<\/div>\n\t\t\t\t\t\t<\/div>\n\t\t\t\t<div class=\"elementor-element elementor-element-9f5869a elementor-widget elementor-widget-heading\" data-id=\"9f5869a\" data-element_type=\"widget\" data-e-type=\"widget\" data-widget_type=\"heading.default\">\n\t\t\t\t\t<h2 class=\"elementor-heading-title elementor-size-default\">Service Efficace et Amicale<\/h2>\t\t\t\t<\/div>\n\t\t\t\t<div class=\"elementor-element elementor-element-9f82b5c elementor-hidden-phone elementor-widget elementor-widget-image\" data-id=\"9f82b5c\" data-element_type=\"widget\" data-e-type=\"widget\" data-widget_type=\"image.default\">\n\t\t\t\t\t\t\t\t\t\t\t\t\t\t\t<img decoding=\"async\" width=\"570\" height=\"757\" src=\"https:\/\/movingdowntown.ca\/wp-content\/uploads\/2019\/05\/movingservice.gif\" class=\"attachment-full size-full wp-image-3105\" alt=\"Moving Service\" \/>\t\t\t\t\t\t\t\t\t\t\t\t\t\t\t<\/div>\n\t\t\t\t\t<\/div>\n\t\t<\/div>\n\t\t\t\t\t<\/div>\n\t\t<\/section>\n\t\t\t\t<\/div>\n\t\t","protected":false},"excerpt":{"rendered":"<p>Rejoignez l&rsquo;\u00c9quipe de Moving Downtown Vous avez de l\u2019exp\u00e9rience en tant que d\u00e9m\u00e9nageur, emballeur, chauffeur de camion, assembleur de meubles ou commis au service \u00e0 la client\u00e8le ?Dans ce cas, Moving Downtown Montr\u00e9al est l\u2019endroit id\u00e9al pour vous ! Nous recherchons des candidats dynamiques pour rejoindre notre \u00e9quipe de professionnels du d\u00e9m\u00e9nagement. Moving Downtown Montr\u00e9al [&hellip;]<\/p>\n","protected":false},"author":2,"featured_media":0,"parent":0,"menu_order":6,"comment_status":"closed","ping_status":"closed","template":"","meta":{"site-sidebar-layout":"default","site-content-layout":"","ast-site-content-layout":"default","site-content-style":"default","site-sidebar-style":"default","ast-global-header-display":"","ast-banner-title-visibility":"","ast-main-header-display":"","ast-hfb-above-header-display":"","ast-hfb-below-header-display":"","ast-hfb-mobile-header-display":"","site-post-title":"","ast-breadcrumbs-content":"","ast-featured-img":"","footer-sml-layout":"","ast-disable-related-posts":"","theme-transparent-header-meta":"","adv-header-id-meta":"","stick-header-meta":"","header-above-stick-meta":"","header-main-stick-meta":"","header-below-stick-meta":"","astra-migrate-meta-layouts":"set","ast-page-background-enabled":"default","ast-page-background-meta":{"desktop":{"background-color":"","background-image":"","background-repeat":"repeat","background-position":"center center","background-size":"auto","background-attachment":"scroll","background-type":"","background-media":"","overlay-type":"","overlay-color":"","overlay-opacity":"","overlay-gradient":""},"tablet":{"background-color":"","background-image":"","background-repeat":"repeat","background-position":"center center","background-size":"auto","background-attachment":"scroll","background-type":"","background-media":"","overlay-type":"","overlay-color":"","overlay-opacity":"","overlay-gradient":""},"mobile":{"background-color":"","background-image":"","background-repeat":"repeat","background-position":"center center","background-size":"auto","background-attachment":"scroll","background-type":"","background-media":"","overlay-type":"","overlay-color":"","overlay-opacity":"","overlay-gradient":""}},"ast-content-background-meta":{"desktop":{"background-color":"var(--ast-global-color-5)","background-image":"","background-repeat":"repeat","background-position":"center center","background-size":"auto","background-attachment":"scroll","background-type":"","background-media":"","overlay-type":"","overlay-color":"","overlay-opacity":"","overlay-gradient":""},"tablet":{"background-color":"var(--ast-global-color-5)","background-image":"","background-repeat":"repeat","background-position":"center center","background-size":"auto","background-attachment":"scroll","background-type":"","background-media":"","overlay-type":"","overlay-color":"","overlay-opacity":"","overlay-gradient":""},"mobile":{"background-color":"var(--ast-global-color-5)","background-image":"","background-repeat":"repeat","background-position":"center center","background-size":"auto","background-attachment":"scroll","background-type":"","background-media":"","overlay-type":"","overlay-color":"","overlay-opacity":"","overlay-gradient":""}},"footnotes":""},"class_list":["post-232","page","type-page","status-publish","hentry"],"_links":{"self":[{"href":"https:\/\/movingdowntown.ca\/fr\/wp-json\/wp\/v2\/pages\/232","targetHints":{"allow":["GET"]}}],"collection":[{"href":"https:\/\/movingdowntown.ca\/fr\/wp-json\/wp\/v2\/pages"}],"about":[{"href":"https:\/\/movingdowntown.ca\/fr\/wp-json\/wp\/v2\/types\/page"}],"author":[{"embeddable":true,"href":"https:\/\/movingdowntown.ca\/fr\/wp-json\/wp\/v2\/users\/2"}],"replies":[{"embeddable":true,"href":"https:\/\/movingdowntown.ca\/fr\/wp-json\/wp\/v2\/comments?post=232"}],"version-history":[{"count":2,"href":"https:\/\/movingdowntown.ca\/fr\/wp-json\/wp\/v2\/pages\/232\/revisions"}],"predecessor-version":[{"id":29857,"href":"https:\/\/movingdowntown.ca\/fr\/wp-json\/wp\/v2\/pages\/232\/revisions\/29857"}],"wp:attachment":[{"href":"https:\/\/movingdowntown.ca\/fr\/wp-json\/wp\/v2\/media?parent=232"}],"curies":[{"name":"wp","href":"https:\/\/api.w.org\/{rel}","templated":true}]}}