{"id":352,"date":"2019-11-16T00:44:25","date_gmt":"2019-11-16T00:44:25","guid":{"rendered":"https:\/\/movingdowntown.ca\/fr\/?page_id=352"},"modified":"2026-01-15T03:17:19","modified_gmt":"2026-01-15T03:17:19","slug":"entreprise","status":"publish","type":"page","link":"https:\/\/movingdowntown.ca\/fr\/service\/entreprise\/","title":{"rendered":"D\u00e9m\u00e9nagement d&rsquo;Entreprise"},"content":{"rendered":"\t\t<div data-elementor-type=\"wp-page\" data-elementor-id=\"352\" class=\"elementor elementor-352\" data-elementor-post-type=\"page\">\n\t\t\t\t\t\t<section class=\"elementor-section elementor-top-section elementor-element elementor-element-22b94ca elementor-section-height-min-height elementor-reverse-mobile elementor-section-boxed elementor-section-height-default elementor-section-items-middle\" data-id=\"22b94ca\" data-element_type=\"section\" data-e-type=\"section\" data-settings=\"{&quot;background_background&quot;:&quot;classic&quot;}\">\n\t\t\t\t\t\t<div class=\"elementor-container elementor-column-gap-default\">\n\t\t\t\t\t<div class=\"elementor-column elementor-col-50 elementor-top-column elementor-element elementor-element-31986bd\" data-id=\"31986bd\" data-element_type=\"column\" data-e-type=\"column\" data-settings=\"{&quot;background_background&quot;:&quot;classic&quot;}\">\n\t\t\t<div class=\"elementor-widget-wrap elementor-element-populated\">\n\t\t\t\t\t\t<div class=\"elementor-element elementor-element-5f02c24 elementor-widget elementor-widget-heading\" data-id=\"5f02c24\" data-element_type=\"widget\" data-e-type=\"widget\" data-widget_type=\"heading.default\">\n\t\t\t\t\t<h1 class=\"elementor-heading-title elementor-size-default\">D\u00e9m\u00e9nagement d'Entreprise<\/h1>\t\t\t\t<\/div>\n\t\t\t\t<div class=\"elementor-element elementor-element-05a5bad elementor-drop-cap-yes elementor-drop-cap-view-default elementor-widget elementor-widget-text-editor\" data-id=\"05a5bad\" data-element_type=\"widget\" data-e-type=\"widget\" data-settings=\"{&quot;drop_cap&quot;:&quot;yes&quot;}\" data-widget_type=\"text-editor.default\">\n\t\t\t\t\t\t\t\t\t<p>Notre compagnie de d\u00e9m\u00e9nagement s\u2019engage \u00e0 organiser votre d\u00e9m\u00e9nagement dans les meilleures conditions et dans m\u00eame temps faciliter le d\u00e9m\u00e9nagement de vos employ\u00e9s.<\/p><p><img decoding=\"async\" class=\"size-full wp-image-149 alignright\" src=\"https:\/\/movingdowntown.ca\/wp-content\/uploads\/2019\/11\/corporate-relocation.jpg\" alt=\"d\u00e9m\u00e9nagement office montr\u00e9al\" width=\"260\" height=\"150\" \/><\/p><p>Les raisons pour le d\u00e9m\u00e9nagement de l&rsquo;entreprise sont tr\u00e8s diff\u00e9rentes, mais les exigences pour leur mise en \u0153uvre sont toujours les m\u00eames: les d\u00e9lais les plus courts, aucune perte et aucun temps d&rsquo;arr\u00eat dans l&rsquo;activit\u00e9 de l&rsquo;entreprise, le confort maximal des employ\u00e9s. Seuls les d\u00e9m\u00e9nageurs professionnels peuvent accomplir cette t\u00e2che.<\/p><p>Les avantages de la d\u00e9m\u00e9nager votre entreprise avec Moving Downtown Company sont les suivants:<\/p><ul><li>une bonne planification du d\u00e9m\u00e9nagement du bureau, permettant de conserver le programme de travail habituel de l&rsquo;entreprise;<\/li><li>transport responsable du mobilier et du mat\u00e9riel de bureau avec une garantie de s\u00e9curit\u00e9 de la propri\u00e9t\u00e9;<\/li><li>travailler la nuit et les jours de cong\u00e9 dans des cas extr\u00eames, en garantissant des conditions optimales d\u2019ex\u00e9cution du d\u00e9m\u00e9nagement.<\/li><\/ul><p>Nous savons comment rendre un d\u00e9m\u00e9nagement d&rsquo;entreprise op\u00e9rationnelle et qualitative.<\/p>\t\t\t\t\t\t\t\t<\/div>\n\t\t\t\t\t<\/div>\n\t\t<\/div>\n\t\t\t\t<div class=\"elementor-column elementor-col-50 elementor-top-column elementor-element elementor-element-6ee7213\" data-id=\"6ee7213\" data-element_type=\"column\" data-e-type=\"column\" data-settings=\"{&quot;background_background&quot;:&quot;classic&quot;}\">\n\t\t\t<div class=\"elementor-widget-wrap elementor-element-populated\">\n\t\t\t\t\t\t<div class=\"elementor-element elementor-element-b38bed1 elementor-align-right elementor-widget elementor-widget-button\" data-id=\"b38bed1\" data-element_type=\"widget\" data-e-type=\"widget\" data-widget_type=\"button.default\">\n\t\t\t\t\t\t\t\t\t\t<a class=\"elementor-button elementor-button-link elementor-size-xs\" href=\"https:\/\/movingdowntown.ca\/corporate-relocation\/\" id=\"fr\">\n\t\t\t\t\t\t<span class=\"elementor-button-content-wrapper\">\n\t\t\t\t\t\t\t\t\t<span class=\"elementor-button-text\"><span title=\"En\">  <span class=\"spmenu\"><span class=\"sprite_en\"><\/span><\/span><\/span>\n\t\t\t\t\t<\/span>\n\t\t\t\t\t<\/a>\n\t\t\t\t\t\t\t\t<\/div>\n\t\t\t\t<div class=\"elementor-element elementor-element-a2194bd elementor-widget elementor-widget-html\" data-id=\"a2194bd\" data-element_type=\"widget\" data-e-type=\"widget\" data-widget_type=\"html.default\">\n\t\t\t\t\t<form  id=\"contact\" action=\"\/fr\/wp-content\/themes\/glob\/mail.php\" method=\"post\">\n\t<h3>Devis Rapide 24H<\/h3>\t\n\t<label for=\"name\">Date <\/label><input type=\"date\" name=\"name\" id=\"name\" required=\"\">\n\t\n\t<p><label for=\"url\">Type de D\u00e9m\u00e9nagement<\/label><br>\n\t<select name=\"type\"  id=\"url\">\n\t\t<option value=\"\" disabled=\"\" selected=\"\">Choisir option<\/option>\n\t\t<option value=\"Residential Moving\">D\u00e9m\u00e9nagement r\u00e9sidentiel<\/option>\n\t\t<option value=\"Commercial Moving\">D\u00e9m\u00e9nagement commercial<\/option>\n\t\t<option value=\"Industrial Moving\">D\u00e9m\u00e9nagement industriel<\/option>\n\t\t<option value=\"Piano Moving\">D\u00e9m\u00e9nagement Piano<\/option>\n\t\t<option value=\"Billiard Moving\">D\u00e9m\u00e9nagement Billiard <\/option>\n\t\t<option value=\"Delivery\">Livraison<\/option>\n\t\t<option value=\"Storage\">Entreposage<\/option>\n\t\t<option value=\"Furniture Assembly\">Assemblage de meubles<\/option>\n\t\t<option value=\"Kitchen Assembly\">Assemblage de cuisine<\/option>\n\t<\/select><\/p>\n\n<div><label for=\"departure\">Adresse & ZIP (Depart)<\/label><br><input type=\"text\" name=\"departure\" id=\"departure\" placeholder=\"Adresse de d\u00e9part\" required=\"\"><\/div>\n\n<div>\n\t<input type=\"radio\" class=\"name1\" value=\"Apartment\" id=\"name1\" name=\"name1\">\n\t<label class=\"vfb-choice\" for=\"name1\">Appartement<\/label>\n\t<input type=\"radio\" class=\"name1 \" value=\"House\" id=\"name2\" name=\"name1\">\n\t<label class=\"vfb-choice\" for=\"name1\">Maison<\/label>\n\t<input type=\"radio\" class=\"name1 \" value=\"Office\" id=\"name3\" name=\"name1\">\n\t<label class=\"vfb-choice\" for=\"name1\">Bureau<\/label>\n\t<div style=\"clear:both\"><\/div>\n\t<\/div>\n\n\t<p><select name=\"size\"  id=\"size\" required=\"\"><option value=\"\" disabled=\"\" selected=\"\">Grandeur<\/option><option value=\"1-1\/2\">1-1\/2<\/option><option value=\"2-1\/2\">2-1\/2<\/option><option value=\"3-1\/2\">3-1\/2<\/option><option value=\"4-1\/2\">4-1\/2<\/option><option value=\"5-1\/2\">5-1\/2<\/option><option value=\"6-1\/2\">6-1\/2<\/option><option value=\"7-1\/2\">7-1\/2<\/option><option value=\"8-1\/2\">8-1\/2<\/option><\/select>\n\t<select name=\"sub1\"  id=\"sub1\" required=\"\"><option value=\"\" disabled=\"\" selected=\"\">\u00c9tage<\/option><option value=\"Basement\">Sous-sol<\/option><option value=\"Ground\">Rez de chauss\u00e9e<\/option><option value=\"Second\">Premi\u00e8re<\/option><option value=\"Second\">Deuxi\u00e8me<\/option><option value=\"Third\">Troisi\u00e8me<\/option><option value=\"Fourth\">Quatri\u00e8me<\/option><option value=\"Elevator\">Ascenseur<\/option><\/select><\/p>\n\n\t<div><label for=\"arrival\">Adresse & ZIP (Destination) <\/label><br><input type=\"text\" name=\"arrival\" id=\"arrival\" placeholder=\"Adresse d'arriv\u00e9e\" required=\"\"><\/div>\n\n\t<div><select name=\"sub\" id=\"sub\" required=\"\"><option value=\"\" disabled=\"\" selected=\"\">Choisir \u00e9tage<\/option><option value=\"Basement\">Sous-sol<\/option><option value=\"Ground\">Rez de chauss\u00e9e<\/option><option value=\"Second\">Premi\u00e8re<\/option><option value=\"Second\">Deuxi\u00e8me<\/option><option value=\"Third\">Troisi\u00e8me<\/option><option value=\"Fourth\">Quatri\u00e8me<\/option><option value=\"Elevator\">Ascenseur<\/option><\/select>\n\t<\/div>\n\t\n\t<div><input type=\"email\" name=\"email\"  id=\"email\" placeholder=\"E-@mail.com\" required=\"\"><\/div>\n\t<div><input type=\"text\" name=\"tel\" id=\"tel\" placeholder=\"Num\u00e9ro de t\u00e9l\u00e9phone\" required=\"\"><\/div>\n\t<div><textarea name=\"message\" cols=\"20\" rows=\"3\"  id=\"comment\" placeholder=\"Message\" required=\"\"><\/textarea><\/div>\n\n<div class=\"w0\"><textarea id=\"message1\" class=\"w100 border\" name=\"message1\" rows=\"5\"><\/textarea>\n<input id=\"check\" name=\"check\" type=\"text\" value=\"\" \/><\/div>\n<input id=\"submit\" type=\"submit\" value=\"Envoyer\" onclick=\"document.getElementById('check').value = 'stopSpam';\" \/>\n<div id=\"note\"><\/div>\n<div id=\"fields\"><\/div>\n<\/form>\t\t\t\t<\/div>\n\t\t\t\t<div class=\"elementor-element elementor-element-0d4332c elementor-widget elementor-widget-html\" data-id=\"0d4332c\" data-element_type=\"widget\" data-e-type=\"widget\" data-widget_type=\"html.default\">\n\t\t\t\t\t<div>\n<style>\n\t.video {\n\tposition: relative;\n\twidth: 100%;\n\theight: 0;\n\tpadding-bottom: 56.25%;\n\tbackground-color: #000000;\n}\n\n.video__link {\n\tposition: absolute;\n\ttop: 0;\n\tleft: 0;\n\twidth: 100%;\n\theight: 100%;\n}\n\n.video__media {\n\tposition: absolute;\n\ttop: 0;\n\tleft: 0;\n\twidth: 100%;\n\theight: 100%;\n\tborder: none;\n}\n\n.video__button {\n\tposition: absolute;\n\ttop: 50%;\n\tleft: 50%;\n\tz-index: 1;\n\tdisplay: none;\n\tpadding: 0;\n\twidth: 68px;\n\theight: 48px;\n\tborder: none;\n\tbackground-color: transparent;\n\ttransform: translate(-50%, -50%);\n\tcursor: pointer;\n}\n\n.video__button-shape {\n\tfill: #212121;\n\tfill-opacity: 0.8;\n}\n\n.video__button {\n\tout: none;\n}\n\n.video__button-icon {\n\tfill: #ffffff;\n}\n\n.video__button:focus {\n\toutline: none;\n}\n\n.video:hover .video__button-shape,\n.video__button:focus .video__button-shape {\n\tfill: #ff0000;\n\tfill-opacity: 1;\n}\n\n\/* Enabled *\/\n\n.video--enabled {\n\tcursor: pointer;\n}\n\n.video--enabled .video__button {\n\tdisplay: block;\n}\n\t<\/style>\n<\/div>\n<div class=\"page\">\n\t<div class=\"video\">\n\t\t<a class=\"video__link\" href=\"https:\/\/www.youtube.com\/watch?v=sRRlJLIgJAU\" target=\"_blank\" rel=\"noopener\">\n\t\t\t<picture>\n\t\t\t\t<source srcset=\"https:\/\/i.ytimg.com\/vi_webp\/sRRlJLIgJAU\/hqdefault.webp\" type=\"image\/webp\">\n\t\t\t\t<img decoding=\"async\" class=\"video__media\" src=\"https:\/\/i.ytimg.com\/vi\/sRRlJLIgJAU\/hqdefault.jpg\" alt=\"1. \u041f\u0438\u043b\u043e\u0442, \u0440\u0430\u0437\u0431\u043e\u0440\u044b, \u043e\u0442\u0432\u0435\u0442\u044b \u0438 \u043b\u0430\u0439\u0432\u044b\">\n\t\t\t<\/picture>\n\t\t<\/a>\n\t<button class=\"video__button\" type=\"button\" aria-label=\"\u0417\u0430\u043f\u0443\u0441\u0442\u0438\u0442\u044c \u0432\u0438\u0434\u0435\u043e\">\n\t\t<svg width=\"68\" height=\"48\" viewBox=\"0 0 68 48\"><path class=\"video__button-shape\" d=\"M66.52,7.74c-0.78-2.93-2.49-5.41-5.42-6.19C55.79,.13,34,0,34,0S12.21,.13,6.9,1.55 C3.97,2.33,2.27,4.81,1.48,7.74C0.06,13.05,0,24,0,24s0.06,10.95,1.48,16.26c0.78,2.93,2.49,5.41,5.42,6.19 C12.21,47.87,34,48,34,48s21.79-0.13,27.1-1.55c2.93-0.78,4.64-3.26,5.42-6.19C67.94,34.95,68,24,68,24S67.94,13.05,66.52,7.74z\"><\/path><path class=\"video__button-icon\" d=\"M 45,24 27,14 27,34\"><\/path><\/svg>\t\n\t\t<\/button>\n\t<\/div>\n<script src=\"https:\/\/movingdowntown.ca\/\/fr\/wp-content\/themes\/glob\/video.js\"><\/script>\n<\/div>\t\t\t\t<\/div>\n\t\t\t\t<div class=\"elementor-element elementor-element-76d09b2 elementor-widget elementor-widget-facebook-button\" data-id=\"76d09b2\" data-element_type=\"widget\" data-e-type=\"widget\" data-widget_type=\"facebook-button.default\">\n\t\t\t\t\t\t\t<div data-layout=\"button\" data-colorscheme=\"light\" data-size=\"small\" data-show-faces=\"true\" class=\"elementor-facebook-widget fb-like\" data-href=\"https:\/\/movingdowntown.ca\/fr\/?p=352\" data-share=\"true\" data-action=\"like\"><\/div>\n\t\t\t\t\t\t<\/div>\n\t\t\t\t\t<\/div>\n\t\t<\/div>\n\t\t\t\t\t<\/div>\n\t\t<\/section>\n\t\t\t\t<section class=\"elementor-section elementor-top-section elementor-element elementor-element-fbdfb63 elementor-hidden-phone elementor-section-boxed elementor-section-height-default elementor-section-height-default\" data-id=\"fbdfb63\" data-element_type=\"section\" data-e-type=\"section\" data-settings=\"{&quot;background_background&quot;:&quot;classic&quot;}\">\n\t\t\t\t\t\t<div class=\"elementor-container elementor-column-gap-no\">\n\t\t\t\t\t<div class=\"elementor-column elementor-col-100 elementor-top-column elementor-element elementor-element-5aaff0c\" data-id=\"5aaff0c\" data-element_type=\"column\" data-e-type=\"column\">\n\t\t\t<div class=\"elementor-widget-wrap elementor-element-populated\">\n\t\t\t\t\t\t<div class=\"elementor-element elementor-element-7a2ef86 elementor-widget elementor-widget-heading\" data-id=\"7a2ef86\" data-element_type=\"widget\" data-e-type=\"widget\" data-widget_type=\"heading.default\">\n\t\t\t\t\t<h2 class=\"elementor-heading-title elementor-size-default\">Nos services de d\u00e9m\u00e9nagement<\/h2>\t\t\t\t<\/div>\n\t\t\t\t<section class=\"elementor-section elementor-inner-section elementor-element elementor-element-ab89254 elementor-section-boxed elementor-section-height-default elementor-section-height-default\" data-id=\"ab89254\" data-element_type=\"section\" data-e-type=\"section\" data-settings=\"{&quot;background_background&quot;:&quot;classic&quot;}\">\n\t\t\t\t\t\t<div class=\"elementor-container elementor-column-gap-default\">\n\t\t\t\t\t<div class=\"elementor-column elementor-col-25 elementor-inner-column elementor-element elementor-element-e08de89\" data-id=\"e08de89\" data-element_type=\"column\" data-e-type=\"column\" data-settings=\"{&quot;background_background&quot;:&quot;classic&quot;}\">\n\t\t\t<div class=\"elementor-widget-wrap elementor-element-populated\">\n\t\t\t\t\t\t<div class=\"elementor-element elementor-element-d6fe9da elementor-widget elementor-widget-image\" data-id=\"d6fe9da\" data-element_type=\"widget\" data-e-type=\"widget\" data-widget_type=\"image.default\">\n\t\t\t\t\t\t\t\t\t\t\t\t\t\t\t\t<a href=\"https:\/\/movingdowntown.ca\/emballage\/\">\n\t\t\t\t\t\t\t<img decoding=\"async\" width=\"300\" height=\"154\" src=\"https:\/\/movingdowntown.ca\/wp-content\/uploads\/2019\/03\/packing5-300x154.jpg\" class=\"attachment-medium size-medium wp-image-2973\" alt=\"Packing Service\" srcset=\"https:\/\/movingdowntown.ca\/wp-content\/uploads\/2019\/03\/packing5-300x154.jpg 300w, https:\/\/movingdowntown.ca\/wp-content\/uploads\/2019\/03\/packing5.jpg 342w\" sizes=\"(max-width: 300px) 100vw, 300px\" \/>\t\t\t\t\t\t\t\t<\/a>\n\t\t\t\t\t\t\t\t\t\t\t\t\t\t\t<\/div>\n\t\t\t\t<div class=\"elementor-element elementor-element-4bdf227 elementor-widget elementor-widget-heading\" data-id=\"4bdf227\" data-element_type=\"widget\" data-e-type=\"widget\" data-widget_type=\"heading.default\">\n\t\t\t\t\t<h3 class=\"elementor-heading-title elementor-size-large\"><a href=\"https:\/\/movingdowntown.ca\/emballage\/\">EMBALLAGE<\/a><\/h3>\t\t\t\t<\/div>\n\t\t\t\t<div class=\"elementor-element elementor-element-23de5ff elementor-widget-divider--view-line elementor-widget elementor-widget-divider\" data-id=\"23de5ff\" data-element_type=\"widget\" data-e-type=\"widget\" data-widget_type=\"divider.default\">\n\t\t\t\t\t\t\t<div class=\"elementor-divider\">\n\t\t\t<span class=\"elementor-divider-separator\">\n\t\t\t\t\t\t<\/span>\n\t\t<\/div>\n\t\t\t\t\t\t<\/div>\n\t\t\t\t\t<\/div>\n\t\t<\/div>\n\t\t\t\t<div class=\"elementor-column elementor-col-25 elementor-inner-column elementor-element elementor-element-24f19d6\" data-id=\"24f19d6\" data-element_type=\"column\" data-e-type=\"column\" data-settings=\"{&quot;background_background&quot;:&quot;classic&quot;}\">\n\t\t\t<div class=\"elementor-widget-wrap elementor-element-populated\">\n\t\t\t\t\t\t<div class=\"elementor-element elementor-element-09ae332 elementor-widget elementor-widget-image\" data-id=\"09ae332\" data-element_type=\"widget\" data-e-type=\"widget\" data-widget_type=\"image.default\">\n\t\t\t\t\t\t\t\t\t\t\t\t\t\t\t\t<a href=\"https:\/\/movingdowntown.ca\/\">\n\t\t\t\t\t\t\t<img decoding=\"async\" width=\"300\" height=\"154\" src=\"https:\/\/movingdowntown.ca\/wp-content\/uploads\/2019\/04\/moving-camions-300x154.jpg\" class=\"attachment-medium size-medium wp-image-3028\" alt=\"Montreal Moving Downtown\" srcset=\"https:\/\/movingdowntown.ca\/wp-content\/uploads\/2019\/04\/moving-camions-300x154.jpg 300w, https:\/\/movingdowntown.ca\/wp-content\/uploads\/2019\/04\/moving-camions.jpg 342w\" sizes=\"(max-width: 300px) 100vw, 300px\" \/>\t\t\t\t\t\t\t\t<\/a>\n\t\t\t\t\t\t\t\t\t\t\t\t\t\t\t<\/div>\n\t\t\t\t<div class=\"elementor-element elementor-element-361dd8a elementor-widget elementor-widget-heading\" data-id=\"361dd8a\" data-element_type=\"widget\" data-e-type=\"widget\" data-widget_type=\"heading.default\">\n\t\t\t\t\t<h3 class=\"elementor-heading-title elementor-size-large\"><a href=\"https:\/\/movingdowntown.ca\/\">D\u00e9m\u00e9nagement<\/a><\/h3>\t\t\t\t<\/div>\n\t\t\t\t<div class=\"elementor-element elementor-element-c02ef2e elementor-widget-divider--view-line elementor-widget elementor-widget-divider\" data-id=\"c02ef2e\" data-element_type=\"widget\" data-e-type=\"widget\" data-widget_type=\"divider.default\">\n\t\t\t\t\t\t\t<div class=\"elementor-divider\">\n\t\t\t<span class=\"elementor-divider-separator\">\n\t\t\t\t\t\t<\/span>\n\t\t<\/div>\n\t\t\t\t\t\t<\/div>\n\t\t\t\t\t<\/div>\n\t\t<\/div>\n\t\t\t\t<div class=\"elementor-column elementor-col-25 elementor-inner-column elementor-element elementor-element-32b5172\" data-id=\"32b5172\" data-element_type=\"column\" data-e-type=\"column\" data-settings=\"{&quot;background_background&quot;:&quot;classic&quot;}\">\n\t\t\t<div class=\"elementor-widget-wrap elementor-element-populated\">\n\t\t\t\t\t\t<div class=\"elementor-element elementor-element-fc56450 elementor-widget elementor-widget-image\" data-id=\"fc56450\" data-element_type=\"widget\" data-e-type=\"widget\" data-widget_type=\"image.default\">\n\t\t\t\t\t\t\t\t\t\t\t\t\t\t\t\t<a href=\"https:\/\/movingdowntown.ca\/entreposage\/\">\n\t\t\t\t\t\t\t<img decoding=\"async\" src=\"https:\/\/movingdowntown.ca\/wp-content\/uploads\/2019\/04\/montreal-storage.jpg\" title=\"\" alt=\"\" loading=\"lazy\" \/>\t\t\t\t\t\t\t\t<\/a>\n\t\t\t\t\t\t\t\t\t\t\t\t\t\t\t<\/div>\n\t\t\t\t<div class=\"elementor-element elementor-element-599f498 elementor-widget elementor-widget-heading\" data-id=\"599f498\" data-element_type=\"widget\" data-e-type=\"widget\" data-widget_type=\"heading.default\">\n\t\t\t\t\t<h3 class=\"elementor-heading-title elementor-size-large\"><a href=\"https:\/\/movingdowntown.ca\/entreposage\/\">Entreposage<\/a><\/h3>\t\t\t\t<\/div>\n\t\t\t\t<div class=\"elementor-element elementor-element-e9a090e elementor-widget-divider--view-line elementor-widget elementor-widget-divider\" data-id=\"e9a090e\" data-element_type=\"widget\" data-e-type=\"widget\" data-widget_type=\"divider.default\">\n\t\t\t\t\t\t\t<div class=\"elementor-divider\">\n\t\t\t<span class=\"elementor-divider-separator\">\n\t\t\t\t\t\t<\/span>\n\t\t<\/div>\n\t\t\t\t\t\t<\/div>\n\t\t\t\t\t<\/div>\n\t\t<\/div>\n\t\t\t\t<div class=\"elementor-column elementor-col-25 elementor-inner-column elementor-element elementor-element-cf2f160\" data-id=\"cf2f160\" data-element_type=\"column\" data-e-type=\"column\" data-settings=\"{&quot;background_background&quot;:&quot;classic&quot;}\">\n\t\t\t<div class=\"elementor-widget-wrap elementor-element-populated\">\n\t\t\t\t\t\t<div class=\"elementor-element elementor-element-6d35538 elementor-widget elementor-widget-image\" data-id=\"6d35538\" data-element_type=\"widget\" data-e-type=\"widget\" data-widget_type=\"image.default\">\n\t\t\t\t\t\t\t\t\t\t\t\t\t\t\t\t<a href=\"https:\/\/movingdowntown.ca\/demenagement-piano\/\">\n\t\t\t\t\t\t\t<img decoding=\"async\" src=\"https:\/\/movingdowntown.ca\/wp-content\/uploads\/2019\/04\/piano1.jpg\" title=\"\" alt=\"\" loading=\"lazy\" \/>\t\t\t\t\t\t\t\t<\/a>\n\t\t\t\t\t\t\t\t\t\t\t\t\t\t\t<\/div>\n\t\t\t\t<div class=\"elementor-element elementor-element-777b0cb elementor-widget elementor-widget-heading\" data-id=\"777b0cb\" data-element_type=\"widget\" data-e-type=\"widget\" data-widget_type=\"heading.default\">\n\t\t\t\t\t<h3 class=\"elementor-heading-title elementor-size-default\"><a href=\"https:\/\/movingdowntown.ca\/demenagement-piano\/\">D\u00e9m\u00e9nagement Piano<\/a><\/h3>\t\t\t\t<\/div>\n\t\t\t\t<div class=\"elementor-element elementor-element-4ac8650 elementor-widget-divider--view-line elementor-widget elementor-widget-divider\" data-id=\"4ac8650\" data-element_type=\"widget\" data-e-type=\"widget\" data-widget_type=\"divider.default\">\n\t\t\t\t\t\t\t<div class=\"elementor-divider\">\n\t\t\t<span class=\"elementor-divider-separator\">\n\t\t\t\t\t\t<\/span>\n\t\t<\/div>\n\t\t\t\t\t\t<\/div>\n\t\t\t\t\t<\/div>\n\t\t<\/div>\n\t\t\t\t\t<\/div>\n\t\t<\/section>\n\t\t\t\t\t<\/div>\n\t\t<\/div>\n\t\t\t\t\t<\/div>\n\t\t<\/section>\n\t\t\t\t<\/div>\n\t\t","protected":false},"excerpt":{"rendered":"<p>D\u00e9m\u00e9nagement d&rsquo;Entreprise Notre compagnie de d\u00e9m\u00e9nagement s\u2019engage \u00e0 organiser votre d\u00e9m\u00e9nagement dans les meilleures conditions et dans m\u00eame temps faciliter le d\u00e9m\u00e9nagement de vos employ\u00e9s. Les raisons pour le d\u00e9m\u00e9nagement de l&rsquo;entreprise sont tr\u00e8s diff\u00e9rentes, mais les exigences pour leur mise en \u0153uvre sont toujours les m\u00eames: les d\u00e9lais les plus courts, aucune perte et [&hellip;]<\/p>\n","protected":false},"author":2,"featured_media":149,"parent":117,"menu_order":11,"comment_status":"closed","ping_status":"closed","template":"elementor_header_footer","meta":{"site-sidebar-layout":"default","site-content-layout":"","ast-site-content-layout":"default","site-content-style":"default","site-sidebar-style":"default","ast-global-header-display":"","ast-banner-title-visibility":"","ast-main-header-display":"","ast-hfb-above-header-display":"","ast-hfb-below-header-display":"","ast-hfb-mobile-header-display":"","site-post-title":"","ast-breadcrumbs-content":"","ast-featured-img":"","footer-sml-layout":"","ast-disable-related-posts":"","theme-transparent-header-meta":"","adv-header-id-meta":"","stick-header-meta":"","header-above-stick-meta":"","header-main-stick-meta":"","header-below-stick-meta":"","astra-migrate-meta-layouts":"set","ast-page-background-enabled":"default","ast-page-background-meta":{"desktop":{"background-color":"","background-image":"","background-repeat":"repeat","background-position":"center center","background-size":"auto","background-attachment":"scroll","background-type":"","background-media":"","overlay-type":"","overlay-color":"","overlay-opacity":"","overlay-gradient":""},"tablet":{"background-color":"","background-image":"","background-repeat":"repeat","background-position":"center center","background-size":"auto","background-attachment":"scroll","background-type":"","background-media":"","overlay-type":"","overlay-color":"","overlay-opacity":"","overlay-gradient":""},"mobile":{"background-color":"","background-image":"","background-repeat":"repeat","background-position":"center center","background-size":"auto","background-attachment":"scroll","background-type":"","background-media":"","overlay-type":"","overlay-color":"","overlay-opacity":"","overlay-gradient":""}},"ast-content-background-meta":{"desktop":{"background-color":"var(--ast-global-color-5)","background-image":"","background-repeat":"repeat","background-position":"center center","background-size":"auto","background-attachment":"scroll","background-type":"","background-media":"","overlay-type":"","overlay-color":"","overlay-opacity":"","overlay-gradient":""},"tablet":{"background-color":"var(--ast-global-color-5)","background-image":"","background-repeat":"repeat","background-position":"center center","background-size":"auto","background-attachment":"scroll","background-type":"","background-media":"","overlay-type":"","overlay-color":"","overlay-opacity":"","overlay-gradient":""},"mobile":{"background-color":"var(--ast-global-color-5)","background-image":"","background-repeat":"repeat","background-position":"center center","background-size":"auto","background-attachment":"scroll","background-type":"","background-media":"","overlay-type":"","overlay-color":"","overlay-opacity":"","overlay-gradient":""}},"footnotes":""},"class_list":["post-352","page","type-page","status-publish","has-post-thumbnail","hentry"],"_links":{"self":[{"href":"https:\/\/movingdowntown.ca\/fr\/wp-json\/wp\/v2\/pages\/352","targetHints":{"allow":["GET"]}}],"collection":[{"href":"https:\/\/movingdowntown.ca\/fr\/wp-json\/wp\/v2\/pages"}],"about":[{"href":"https:\/\/movingdowntown.ca\/fr\/wp-json\/wp\/v2\/types\/page"}],"author":[{"embeddable":true,"href":"https:\/\/movingdowntown.ca\/fr\/wp-json\/wp\/v2\/users\/2"}],"replies":[{"embeddable":true,"href":"https:\/\/movingdowntown.ca\/fr\/wp-json\/wp\/v2\/comments?post=352"}],"version-history":[{"count":1,"href":"https:\/\/movingdowntown.ca\/fr\/wp-json\/wp\/v2\/pages\/352\/revisions"}],"predecessor-version":[{"id":29844,"href":"https:\/\/movingdowntown.ca\/fr\/wp-json\/wp\/v2\/pages\/352\/revisions\/29844"}],"up":[{"embeddable":true,"href":"https:\/\/movingdowntown.ca\/fr\/wp-json\/wp\/v2\/pages\/117"}],"wp:featuredmedia":[{"embeddable":true,"href":"https:\/\/movingdowntown.ca\/fr\/wp-json\/wp\/v2\/media\/149"}],"wp:attachment":[{"href":"https:\/\/movingdowntown.ca\/fr\/wp-json\/wp\/v2\/media?parent=352"}],"curies":[{"name":"wp","href":"https:\/\/api.w.org\/{rel}","templated":true}]}}