







{"id":244,"date":"2019-11-13T16:42:37","date_gmt":"2019-11-13T16:42:37","guid":{"rendered":"https:\/\/movingdowntown.ca\/fr\/?page_id=244"},"modified":"2026-01-06T17:07:36","modified_gmt":"2026-01-06T17:07:36","slug":"contact","status":"publish","type":"page","link":"https:\/\/movingdowntown.ca\/new\/fr\/contact\/","title":{"rendered":"Contact"},"content":{"rendered":"\t\t<div data-elementor-type=\"wp-page\" data-elementor-id=\"244\" class=\"elementor elementor-244\" data-elementor-post-type=\"page\">\n\t\t\t\t\t\t<section class=\"elementor-section elementor-top-section elementor-element elementor-element-4fb7aed elementor-section-boxed elementor-section-height-default elementor-section-height-default\" data-id=\"4fb7aed\" data-element_type=\"section\">\n\t\t\t\t\t\t<div class=\"elementor-container elementor-column-gap-default\">\n\t\t\t\t\t<div class=\"elementor-column elementor-col-100 elementor-top-column elementor-element elementor-element-e06ce1e\" data-id=\"e06ce1e\" data-element_type=\"column\" data-settings=\"{&quot;background_background&quot;:&quot;classic&quot;}\">\n\t\t\t<div class=\"elementor-widget-wrap elementor-element-populated\">\n\t\t\t\t\t\t<div class=\"elementor-element elementor-element-793188b elementor-align-right elementor-widget elementor-widget-button\" data-id=\"793188b\" data-element_type=\"widget\" data-widget_type=\"button.default\">\n\t\t\t\t\t\t\t\t\t\t<a class=\"elementor-button elementor-button-link elementor-size-xs\" href=\"https:\/\/movingdowntown.ca\/contact\/\">\n\t\t\t\t\t\t<span class=\"elementor-button-content-wrapper\">\n\t\t\t\t\t\t\t\t\t<span class=\"elementor-button-text\"><span title=\"En\" class=\"spmenu\"><span class=\"sprite_en\"><\/span><\/span><\/span>\n\t\t\t\t\t<\/span>\n\t\t\t\t\t<\/a>\n\t\t\t\t\t\t\t\t<\/div>\n\t\t\t\t<div class=\"elementor-element elementor-element-3794c46 elementor-widget elementor-widget-theme-post-title elementor-page-title elementor-widget-heading\" data-id=\"3794c46\" data-element_type=\"widget\" data-widget_type=\"theme-post-title.default\">\n\t\t\t\t\t<h1 class=\"elementor-heading-title elementor-size-default\">Contact<\/h1>\t\t\t\t<\/div>\n\t\t\t\t<div class=\"elementor-element elementor-element-fd1687c elementor-widget elementor-widget-text-editor\" data-id=\"fd1687c\" data-element_type=\"widget\" data-widget_type=\"text-editor.default\">\n\t\t\t\t\t\t\t\t\t<p style=\"text-align: center;\"><span style=\"font-size: 14px;\">Si vous souhaitez que le d\u00e9m\u00e9nagement soit effectu\u00e9 par des d\u00e9m\u00e9nageurs professionnels, contactez notre compagnie d\u00e8s maintenant et vous serez surpris !!!<\/span><\/p>\t\t\t\t\t\t\t\t<\/div>\n\t\t\t\t\t<\/div>\n\t\t<\/div>\n\t\t\t\t\t<\/div>\n\t\t<\/section>\n\t\t\t\t<section class=\"elementor-section elementor-top-section elementor-element elementor-element-0bca707 elementor-reverse-mobile elementor-section-boxed elementor-section-height-default elementor-section-height-default\" data-id=\"0bca707\" data-element_type=\"section\">\n\t\t\t\t\t\t<div class=\"elementor-container elementor-column-gap-default\">\n\t\t\t\t\t<div class=\"elementor-column elementor-col-50 elementor-top-column elementor-element elementor-element-6c85b3c\" data-id=\"6c85b3c\" data-element_type=\"column\" data-settings=\"{&quot;background_background&quot;:&quot;classic&quot;}\">\n\t\t\t<div class=\"elementor-widget-wrap elementor-element-populated\">\n\t\t\t\t\t\t<div class=\"elementor-element elementor-element-a0e07a7 elementor-widget elementor-widget-heading\" data-id=\"a0e07a7\" data-element_type=\"widget\" data-widget_type=\"heading.default\">\n\t\t\t\t\t<h2 class=\"elementor-heading-title elementor-size-default\"><a href=\"https:\/\/movingdowntown.ca\/new\/fr\/contact\/\">Contactez-nous pour le meilleur service de d\u00e9m\u00e9nagement \u00e0 Montr\u00e9al!<\/a><\/h2>\t\t\t\t<\/div>\n\t\t\t\t<div class=\"elementor-element elementor-element-963f585 elementor-widget elementor-widget-image\" data-id=\"963f585\" data-element_type=\"widget\" data-widget_type=\"image.default\">\n\t\t\t\t\t\t\t\t\t\t\t\t\t\t\t<img fetchpriority=\"high\" decoding=\"async\" width=\"500\" height=\"400\" src=\"https:\/\/movingdowntown.ca\/new\/wp-content\/uploads\/2019\/02\/628592.jpg\" class=\"attachment-full size-full wp-image-2104\" alt=\"moving service in montreal\" srcset=\"https:\/\/movingdowntown.ca\/new\/wp-content\/uploads\/2019\/02\/628592.jpg 500w, https:\/\/movingdowntown.ca\/new\/wp-content\/uploads\/2019\/02\/628592-300x240.jpg 300w\" sizes=\"(max-width: 500px) 100vw, 500px\" \/>\t\t\t\t\t\t\t\t\t\t\t\t\t\t\t<\/div>\n\t\t\t\t<div class=\"elementor-element elementor-element-2770139 elementor-position-left elementor-view-default elementor-mobile-position-top elementor-widget elementor-widget-icon-box\" data-id=\"2770139\" data-element_type=\"widget\" data-widget_type=\"icon-box.default\">\n\t\t\t\t\t\t\t<div class=\"elementor-icon-box-wrapper\">\n\n\t\t\t\t\t\t<div class=\"elementor-icon-box-icon\">\n\t\t\t\t<span  class=\"elementor-icon\">\n\t\t\t\t<i aria-hidden=\"true\" class=\"fas fa-phone-square\"><\/i>\t\t\t\t<\/span>\n\t\t\t<\/div>\n\t\t\t\n\t\t\t\t\t\t<div class=\"elementor-icon-box-content\">\n\n\t\t\t\t\t\t\t\t\t<p class=\"elementor-icon-box-title\">\n\t\t\t\t\t\t<span  >\n\t\t\t\t\t\t\t+1 438-931-9272\t\t\t\t\t\t<\/span>\n\t\t\t\t\t<\/p>\n\t\t\t\t\n\t\t\t\t\n\t\t\t<\/div>\n\t\t\t\n\t\t<\/div>\n\t\t\t\t\t\t<\/div>\n\t\t\t\t<div class=\"elementor-element elementor-element-b83bcc5 elementor-widget elementor-widget-text-editor\" data-id=\"b83bcc5\" data-element_type=\"widget\" data-widget_type=\"text-editor.default\">\n\t\t\t\t\t\t\t\t\t<h3 style=\"text-align: center;\"><span style=\"font-size: 20px;\"><strong><span style=\"color: #000000;\"><span class=\"tlid-translation translation\" lang=\"fr\"><span title=\"\">Toutes les r\u00e9gions de Montr\u00e9al Rive<\/span>-Nord, Rive-Sud<br \/><span title=\"\">Qu\u00e9bec, <\/span><span class=\"\" title=\"\">Canada<\/span><\/span><\/span><\/strong><\/span><\/h3>\t\t\t\t\t\t\t\t<\/div>\n\t\t\t\t\t<\/div>\n\t\t<\/div>\n\t\t\t\t<div class=\"elementor-column elementor-col-50 elementor-top-column elementor-element elementor-element-e5c8dff\" data-id=\"e5c8dff\" data-element_type=\"column\" data-settings=\"{&quot;background_background&quot;:&quot;classic&quot;}\">\n\t\t\t<div class=\"elementor-widget-wrap elementor-element-populated\">\n\t\t\t\t\t\t<div class=\"elementor-element elementor-element-8467fa4 elementor-widget elementor-widget-html\" data-id=\"8467fa4\" data-element_type=\"widget\" data-widget_type=\"html.default\">\n\t\t\t\t\t<form  id=\"contact\" action=\"\/fr\/wp-content\/themes\/glob\/mail.php\" method=\"post\">\n<h3>Devis Rapide 24H<\/h3>\n\t<a><label for=\"name\">Date<\/label><br><input type=\"date\" name=\"name\" id=\"name\" placeholder=\"jj\/mm\/aaaa\" required=\"\">\n\t\n\t<p><label for=\"url\">Type de D\u00e9m\u00e9nagement<\/label><br>\n\t<select name=\"type\"  id=\"url\" required=\"\"><option value=\"\" disabled=\"\" selected=\"\">Choisir option<\/option><option value=\"Residential Moving\">D\u00e9m\u00e9nagement r\u00e9sidentiel<\/option><option value=\"Commercial Moving\">D\u00e9m\u00e9nagement commercial<\/option><option value=\"Industrial Moving\">D\u00e9m\u00e9nagement industriel<\/option><option value=\"Piano Moving\">D\u00e9m\u00e9nagement Piano<\/option><option value=\"Billiard Moving\">D\u00e9m\u00e9nagement Billiard <\/option><option value=\"Delivery\">Livraison<\/option><option value=\"Storage\">Entreposage<\/option><option value=\"Furniture Assembly\">Assemblage de meubles<\/option><option value=\"Kitchen Assembly\">Assemblage de cuisine<\/option><\/select><\/p>\n\n<div><label for=\"author\">Adresse et Code Postal<\/label><br><input type=\"text\" name=\"departure\" id=\"departure\" placeholder=\"Adresse de d\u00e9part\" required=\"\"><\/div>\n\n<div>\n<input type=\"radio\" class=\"name1\" value=\"Apartment\" id=\"type\" name=\"name1\">\n<label class=\"vfb-choice\" for=\"0\">Appartement<\/label\n\t>\n<input type=\"radio\" class=\"name1 \" value=\"House\" id=\"type1\" name=\"name1\">\n<label class=\"vfb-choice\" for=\"2\">Maison<\/label>\n<input type=\"radio\" class=\"name1 \" value=\"Office\" id=\"type2\" name=\"name1\">\n<label class=\"vfb-choice\" for=\"3\">Bureau<\/label>\n<div style=\"clear:both\">\n<\/div>\n<\/div>\n<p><a><select name=\"size\"  id=\"size\" required=\"\"><option value=\"\" disabled=\"\" selected=\"\">Grandeur<\/option><option value=\"1-1\/2\">1-1\/2<\/option><option value=\"2-1\/2\">2-1\/2<\/option><option value=\"3-1\/2\">3-1\/2<\/option><option value=\"4-1\/2\">4-1\/2<\/option><option value=\"5-1\/2\">5-1\/2<\/option><option value=\"6-1\/2\">6-1\/2<\/option><option value=\"7-1\/2\">7-1\/2<\/option><option value=\"8-1\/2\">8-1\/2<\/option><\/select><\/a>\n\t<a><select name=\"sub1\"  id=\"sub1\" required=\"\"><option value=\"\" disabled=\"\" selected=\"\">\u00c9tage<\/option><option value=\"Basement\">Sous-sol<\/option><option value=\"Ground\">Rez de chauss\u00e9e<\/option><option value=\"Second\">Premi\u00e8re<\/option><option value=\"Second\">Deuxi\u00e8me<\/option><option value=\"Third\">Troisi\u00e8me<\/option><option value=\"Fourth\">Quatri\u00e8me<\/option><option value=\"Elevator\">Ascenseur<\/option><\/select><\/a><\/p>\n\n<div><a><label for=\"arrival\">Adresse et Code Postal<\/label><br><input type=\"text\" name=\"arrival\" id=\"arrival\" placeholder=\"Adresse d'arriv\u00e9e\" required=\"\"><\/a><\/div>\n\n<div><select name=\"sub\" id=\"sub\" required=\"\"><option value=\"\" disabled=\"\" selected=\"\">Choisir \u00e9tage<\/option><option value=\"Basement\">Sous-sol<\/option><option value=\"Ground\">Rez de chauss\u00e9e<\/option><option value=\"Second\">Premi\u00e8re<\/option><option value=\"Second\">Deuxi\u00e8me<\/option><option value=\"Third\">Troisi\u00e8me<\/option><option value=\"Fourth\">Quatri\u00e8me<\/option><option value=\"Elevator\">Ascenseur<\/option><\/select>\n<\/div>\n\n<div><input type=\"email\" name=\"email\"  id=\"email\" placeholder=\"E-@mail.com\" required=\"\"><\/div>\n\t<div> <input type=\"text\" name=\"tel\" id=\"tel\" placeholder=\"Num\u00e9ro de t\u00e9l\u00e9phone\" required=\"\"><\/div>\n\t<div><textarea name=\"message\" cols=\"20\" rows=\"3\"  id=\"comment\" placeholder=\"Message\" required=\"\"><\/textarea><\/div><\/a>\n\n<div class=\"w0\"><textarea id=\"message1\" class=\"w100 border\" name=\"message1\" rows=\"5\"><\/textarea>\n<input id=\"check\" name=\"check\" type=\"text\" value=\"\" \/><\/div>\n<input id=\"submit\" type=\"submit\" value=\"Envoyer\" onclick=\"document.getElementById('check').value = 'stopSpam';\" \/>\n<div id=\"note\"><\/div>\n<div id=\"fields\"><\/div>\n<\/form>\n\n\t\t\t\t<\/div>\n\t\t\t\t\t<\/div>\n\t\t<\/div>\n\t\t\t\t\t<\/div>\n\t\t<\/section>\n\t\t\t\t<section class=\"elementor-section elementor-top-section elementor-element elementor-element-de4ede9 elementor-section-boxed elementor-section-height-default elementor-section-height-default\" data-id=\"de4ede9\" data-element_type=\"section\">\n\t\t\t\t\t\t<div class=\"elementor-container elementor-column-gap-default\">\n\t\t\t\t\t<div class=\"elementor-column elementor-col-50 elementor-top-column elementor-element elementor-element-0e61e0c\" data-id=\"0e61e0c\" data-element_type=\"column\">\n\t\t\t<div class=\"elementor-widget-wrap elementor-element-populated\">\n\t\t\t\t\t\t<div class=\"elementor-element elementor-element-feca711 elementor-position-left elementor-view-default elementor-mobile-position-top elementor-widget elementor-widget-icon-box\" data-id=\"feca711\" data-element_type=\"widget\" data-widget_type=\"icon-box.default\">\n\t\t\t\t\t\t\t<div class=\"elementor-icon-box-wrapper\">\n\n\t\t\t\t\t\t<div class=\"elementor-icon-box-icon\">\n\t\t\t\t<a href=\"https:\/\/movingdowntown.ca\/new\/fr\/contact\/\" class=\"elementor-icon\" tabindex=\"-1\" aria-label=\"Heures de travail\">\n\t\t\t\t<i aria-hidden=\"true\" class=\"far fa-clock\"><\/i>\t\t\t\t<\/a>\n\t\t\t<\/div>\n\t\t\t\n\t\t\t\t\t\t<div class=\"elementor-icon-box-content\">\n\n\t\t\t\t\t\t\t\t\t<h3 class=\"elementor-icon-box-title\">\n\t\t\t\t\t\t<a href=\"https:\/\/movingdowntown.ca\/new\/fr\/contact\/\" >\n\t\t\t\t\t\t\tHeures de travail\t\t\t\t\t\t<\/a>\n\t\t\t\t\t<\/h3>\n\t\t\t\t\n\t\t\t\t\t\t\t\t\t<p class=\"elementor-icon-box-description\">\n\t\t\t\t\t\tLundi- Samedi: 8:00-18:30 Hrs (T\u00e9l\u00e9phone jousq'a 22:00 Hrs)<br>Dimanche - 8:00-17:00\t\t\t\t\t<\/p>\n\t\t\t\t\n\t\t\t<\/div>\n\t\t\t\n\t\t<\/div>\n\t\t\t\t\t\t<\/div>\n\t\t\t\t<div class=\"elementor-element elementor-element-8c1117b elementor-position-left elementor-view-default elementor-mobile-position-top elementor-widget elementor-widget-icon-box\" data-id=\"8c1117b\" data-element_type=\"widget\" data-widget_type=\"icon-box.default\">\n\t\t\t\t\t\t\t<div class=\"elementor-icon-box-wrapper\">\n\n\t\t\t\t\t\t<div class=\"elementor-icon-box-icon\">\n\t\t\t\t<a href=\"https:\/\/movingdowntown.ca\/new\/fr\/contact\/\" class=\"elementor-icon\" tabindex=\"-1\" aria-label=\"Nous sommes ici\">\n\t\t\t\t<i aria-hidden=\"true\" class=\"fas fa-map-marker-alt\"><\/i>\t\t\t\t<\/a>\n\t\t\t<\/div>\n\t\t\t\n\t\t\t\t\t\t<div class=\"elementor-icon-box-content\">\n\n\t\t\t\t\t\t\t\t\t<h3 class=\"elementor-icon-box-title\">\n\t\t\t\t\t\t<a href=\"https:\/\/movingdowntown.ca\/new\/fr\/contact\/\" >\n\t\t\t\t\t\t\tNous sommes ici\t\t\t\t\t\t<\/a>\n\t\t\t\t\t<\/h3>\n\t\t\t\t\n\t\t\t\t\t\t\t\t\t<p class=\"elementor-icon-box-description\">\n\t\t\t\t\t\t6442 Rue Sherbrooke O, Montr\u00e9al, QC H4B 1N2 <br> \u260e T\u00e9l\u00e9phone: 438-931-9272<p>\ud83d\udce7   info<span id=\"dummy\">contact<\/span>@moving<span id=\"dummy\">movers<\/span>downtown.ca\t\t\t\t\t<\/p>\n\t\t\t\t\n\t\t\t<\/div>\n\t\t\t\n\t\t<\/div>\n\t\t\t\t\t\t<\/div>\n\t\t\t\t\t<\/div>\n\t\t<\/div>\n\t\t\t\t<div class=\"elementor-column elementor-col-50 elementor-top-column elementor-element elementor-element-1303947\" data-id=\"1303947\" data-element_type=\"column\">\n\t\t\t<div class=\"elementor-widget-wrap elementor-element-populated\">\n\t\t\t\t\t\t<div class=\"elementor-element elementor-element-d2e70f5 elementor-widget elementor-widget-google_maps\" data-id=\"d2e70f5\" data-element_type=\"widget\" data-widget_type=\"google_maps.default\">\n\t\t\t\t\t\t\t<div class=\"elementor-custom-embed\">\n\t\t\t<iframe loading=\"lazy\"\n\t\t\t\t\tsrc=\"https:\/\/maps.google.com\/maps?q=Centre-Ville%2C%20Montreal%20&#038;t=m&#038;z=10&#038;output=embed&#038;iwloc=near\"\n\t\t\t\t\ttitle=\"Centre-Ville, Montreal \"\n\t\t\t\t\taria-label=\"Centre-Ville, Montreal \"\n\t\t\t><\/iframe>\n\t\t<\/div>\n\t\t\t\t\t\t<\/div>\n\t\t\t\t\t<\/div>\n\t\t<\/div>\n\t\t\t\t\t<\/div>\n\t\t<\/section>\n\t\t\t\t<\/div>\n\t\t","protected":false},"excerpt":{"rendered":"<p>Si vous souhaitez que le d\u00e9m\u00e9nagement soit effectu\u00e9 par des d\u00e9m\u00e9nageurs professionnels, contactez notre compagnie d\u00e8s maintenant et vous serez surpris !!! Contactez-nous pour le meilleur service de d\u00e9m\u00e9nagement \u00e0 Montr\u00e9al! +1 438-931-9272 Toutes les r\u00e9gions de Montr\u00e9al Rive-Nord, Rive-SudQu\u00e9bec, Canada Devis Rapide 24H Date Type de D\u00e9m\u00e9nagement Choisir optionD\u00e9m\u00e9nagement r\u00e9sidentielD\u00e9m\u00e9nagement commercialD\u00e9m\u00e9nagement industrielD\u00e9m\u00e9nagement PianoD\u00e9m\u00e9nagement Billiard [&hellip;]<\/p>\n","protected":false},"author":5,"featured_media":0,"parent":22460,"menu_order":7,"comment_status":"closed","ping_status":"closed","template":"elementor_header_footer","meta":{"site-sidebar-layout":"default","site-content-layout":"","ast-site-content-layout":"default","site-content-style":"default","site-sidebar-style":"default","ast-global-header-display":"","ast-banner-title-visibility":"","ast-main-header-display":"","ast-hfb-above-header-display":"","ast-hfb-below-header-display":"","ast-hfb-mobile-header-display":"","site-post-title":"","ast-breadcrumbs-content":"","ast-featured-img":"","footer-sml-layout":"","ast-disable-related-posts":"","theme-transparent-header-meta":"","adv-header-id-meta":"","stick-header-meta":"","header-above-stick-meta":"","header-main-stick-meta":"","header-below-stick-meta":"","astra-migrate-meta-layouts":"set","ast-page-background-enabled":"default","ast-page-background-meta":{"desktop":{"background-color":"","background-image":"","background-repeat":"repeat","background-position":"center center","background-size":"auto","background-attachment":"scroll","background-type":"","background-media":"","overlay-type":"","overlay-color":"","overlay-opacity":"","overlay-gradient":""},"tablet":{"background-color":"","background-image":"","background-repeat":"repeat","background-position":"center center","background-size":"auto","background-attachment":"scroll","background-type":"","background-media":"","overlay-type":"","overlay-color":"","overlay-opacity":"","overlay-gradient":""},"mobile":{"background-color":"","background-image":"","background-repeat":"repeat","background-position":"center center","background-size":"auto","background-attachment":"scroll","background-type":"","background-media":"","overlay-type":"","overlay-color":"","overlay-opacity":"","overlay-gradient":""}},"ast-content-background-meta":{"desktop":{"background-color":"var(--ast-global-color-5)","background-image":"","background-repeat":"repeat","background-position":"center center","background-size":"auto","background-attachment":"scroll","background-type":"","background-media":"","overlay-type":"","overlay-color":"","overlay-opacity":"","overlay-gradient":""},"tablet":{"background-color":"var(--ast-global-color-5)","background-image":"","background-repeat":"repeat","background-position":"center center","background-size":"auto","background-attachment":"scroll","background-type":"","background-media":"","overlay-type":"","overlay-color":"","overlay-opacity":"","overlay-gradient":""},"mobile":{"background-color":"var(--ast-global-color-5)","background-image":"","background-repeat":"repeat","background-position":"center center","background-size":"auto","background-attachment":"scroll","background-type":"","background-media":"","overlay-type":"","overlay-color":"","overlay-opacity":"","overlay-gradient":""}},"footnotes":""},"class_list":["post-244","page","type-page","status-publish","hentry"],"_links":{"self":[{"href":"https:\/\/movingdowntown.ca\/new\/wp-json\/wp\/v2\/pages\/244","targetHints":{"allow":["GET"]}}],"collection":[{"href":"https:\/\/movingdowntown.ca\/new\/wp-json\/wp\/v2\/pages"}],"about":[{"href":"https:\/\/movingdowntown.ca\/new\/wp-json\/wp\/v2\/types\/page"}],"author":[{"embeddable":true,"href":"https:\/\/movingdowntown.ca\/new\/wp-json\/wp\/v2\/users\/5"}],"replies":[{"embeddable":true,"href":"https:\/\/movingdowntown.ca\/new\/wp-json\/wp\/v2\/comments?post=244"}],"version-history":[{"count":2,"href":"https:\/\/movingdowntown.ca\/new\/wp-json\/wp\/v2\/pages\/244\/revisions"}],"predecessor-version":[{"id":27048,"href":"https:\/\/movingdowntown.ca\/new\/wp-json\/wp\/v2\/pages\/244\/revisions\/27048"}],"up":[{"embeddable":true,"href":"https:\/\/movingdowntown.ca\/new\/wp-json\/wp\/v2\/pages\/22460"}],"wp:attachment":[{"href":"https:\/\/movingdowntown.ca\/new\/wp-json\/wp\/v2\/media?parent=244"}],"curies":[{"name":"wp","href":"https:\/\/api.w.org\/{rel}","templated":true}]}}