







{"id":393,"date":"2019-11-16T15:52:20","date_gmt":"2019-11-16T15:52:20","guid":{"rendered":"https:\/\/movingdowntown.ca\/fr\/?page_id=393"},"modified":"2026-01-06T17:07:37","modified_gmt":"2026-01-06T17:07:37","slug":"assemblage-de-meuble","status":"publish","type":"page","link":"https:\/\/movingdowntown.ca\/new\/fr\/assemblage-de-meuble\/","title":{"rendered":"Assemblage de meubles"},"content":{"rendered":"\t\t<div data-elementor-type=\"wp-page\" data-elementor-id=\"393\" class=\"elementor elementor-393\" data-elementor-post-type=\"page\">\n\t\t\t\t\t\t<section class=\"elementor-section elementor-top-section elementor-element elementor-element-e1a3af0 elementor-section-boxed elementor-section-height-default elementor-section-height-default\" data-id=\"e1a3af0\" data-element_type=\"section\">\n\t\t\t\t\t\t\t<div class=\"elementor-background-overlay\"><\/div>\n\t\t\t\t\t\t\t<div class=\"elementor-container elementor-column-gap-default\">\n\t\t\t\t\t<div class=\"elementor-column elementor-col-100 elementor-top-column elementor-element elementor-element-0446b75\" data-id=\"0446b75\" data-element_type=\"column\" data-settings=\"{&quot;background_background&quot;:&quot;classic&quot;}\">\n\t\t\t<div class=\"elementor-widget-wrap elementor-element-populated\">\n\t\t\t\t\t\t<div class=\"elementor-element elementor-element-c2d9ec2 elementor-align-right elementor-widget elementor-widget-button\" data-id=\"c2d9ec2\" data-element_type=\"widget\" data-widget_type=\"button.default\">\n\t\t\t\t\t\t\t\t\t\t<a class=\"elementor-button elementor-button-link elementor-size-xs\" href=\"https:\/\/movingdowntown.ca\/furniture-assembly-and-installation\/\" id=\"fr\">\n\t\t\t\t\t\t<span class=\"elementor-button-content-wrapper\">\n\t\t\t\t\t\t\t\t\t<span class=\"elementor-button-text\"><span title=\"En\" class=\"spmenu\"><span class=\"sprite_en\"><\/span><\/span><\/span>\n\t\t\t\t\t<\/span>\n\t\t\t\t\t<\/a>\n\t\t\t\t\t\t\t\t<\/div>\n\t\t\t\t<div class=\"elementor-element elementor-element-fe02b0c elementor-widget elementor-widget-heading\" data-id=\"fe02b0c\" data-element_type=\"widget\" data-widget_type=\"heading.default\">\n\t\t\t\t\t<h1 class=\"elementor-heading-title elementor-size-xl\">Assemblage de Meuble et Installation<\/h1>\t\t\t\t<\/div>\n\t\t\t\t<section class=\"elementor-section elementor-inner-section elementor-element elementor-element-d1da33e elementor-section-boxed elementor-section-height-default elementor-section-height-default\" data-id=\"d1da33e\" data-element_type=\"section\">\n\t\t\t\t\t\t<div class=\"elementor-container elementor-column-gap-default\">\n\t\t\t\t\t<div class=\"elementor-column elementor-col-50 elementor-inner-column elementor-element elementor-element-e8be8c1\" data-id=\"e8be8c1\" data-element_type=\"column\">\n\t\t\t<div class=\"elementor-widget-wrap elementor-element-populated\">\n\t\t\t\t\t\t<div class=\"elementor-element elementor-element-a69d2b3 elementor-widget elementor-widget-image\" data-id=\"a69d2b3\" data-element_type=\"widget\" data-widget_type=\"image.default\">\n\t\t\t\t\t\t\t\t\t\t\t\t\t\t\t<img fetchpriority=\"high\" decoding=\"async\" width=\"640\" height=\"360\" src=\"https:\/\/movingdowntown.ca\/new\/wp-content\/uploads\/2021\/04\/Furniture-Assembly-Service.jpg\" class=\"attachment-large size-large wp-image-11547\" alt=\"Assemblage de Meuble\" srcset=\"https:\/\/movingdowntown.ca\/new\/wp-content\/uploads\/2021\/04\/Furniture-Assembly-Service.jpg 640w, https:\/\/movingdowntown.ca\/new\/wp-content\/uploads\/2021\/04\/Furniture-Assembly-Service-300x169.jpg 300w\" sizes=\"(max-width: 640px) 100vw, 640px\" \/>\t\t\t\t\t\t\t\t\t\t\t\t\t\t\t<\/div>\n\t\t\t\t\t<\/div>\n\t\t<\/div>\n\t\t\t\t<div class=\"elementor-column elementor-col-50 elementor-inner-column elementor-element elementor-element-7ebd75e\" data-id=\"7ebd75e\" data-element_type=\"column\">\n\t\t\t<div class=\"elementor-widget-wrap elementor-element-populated\">\n\t\t\t\t\t\t<div class=\"elementor-element elementor-element-15896e9 elementor-drop-cap-yes elementor-drop-cap-view-default elementor-widget elementor-widget-text-editor\" data-id=\"15896e9\" data-element_type=\"widget\" data-settings=\"{&quot;drop_cap&quot;:&quot;yes&quot;}\" data-widget_type=\"text-editor.default\">\n\t\t\t\t\t\t\t\t\t<h2 style=\"text-align: center;\">Assemblage de Meubles<\/h2><h3 style=\"text-align: center;\"><strong>Nous sommes l\u00e0 pour vous aider<\/strong><\/h3><p>Assemblage de Meubles Centre-Ville est un bon choix si vous recherchez des services d&#8217;assemblage de meubles \u00e0 Montr\u00e9al, Laval, Longueuil, Brossard &#8230; Montage de meuble \u00e0 la maison\u00a0 de chez\u00a0 BRICK, IKEA, LEON, WALMART, WHOLESALE OFFICE, SEARS, STRUCTUBE, BRAULT &amp; MARTINEAU etc.<\/p>\t\t\t\t\t\t\t\t<\/div>\n\t\t\t\t<div class=\"elementor-element elementor-element-6081cc2 elementor-align-center elementor-widget elementor-widget-button\" data-id=\"6081cc2\" data-element_type=\"widget\" data-widget_type=\"button.default\">\n\t\t\t\t\t\t\t\t\t\t<a class=\"elementor-button elementor-button-link elementor-size-sm\" href=\"https:\/\/movingdowntown.ca\/fr\/estimation\/\">\n\t\t\t\t\t\t<span class=\"elementor-button-content-wrapper\">\n\t\t\t\t\t\t<span class=\"elementor-button-icon\">\n\t\t\t\t<i aria-hidden=\"true\" class=\"fas fa-address-book\"><\/i>\t\t\t<\/span>\n\t\t\t\t\t\t\t\t\t<span class=\"elementor-button-text\">estimation rapide<\/span>\n\t\t\t\t\t<\/span>\n\t\t\t\t\t<\/a>\n\t\t\t\t\t\t\t\t<\/div>\n\t\t\t\t\t<\/div>\n\t\t<\/div>\n\t\t\t\t\t<\/div>\n\t\t<\/section>\n\t\t\t\t<div class=\"elementor-element elementor-element-2b74665 elementor-widget elementor-widget-heading\" data-id=\"2b74665\" data-element_type=\"widget\" data-widget_type=\"heading.default\">\n\t\t\t\t\t<h2 class=\"elementor-heading-title elementor-size-default\">Assemblage de Meubles \u00e0 domicile - Techniciens Exp\u00e9riment\u00e9s <\/h2>\t\t\t\t<\/div>\n\t\t\t\t<div class=\"elementor-element elementor-element-b61d817 elementor-drop-cap-yes elementor-drop-cap-view-default elementor-widget elementor-widget-text-editor\" data-id=\"b61d817\" data-element_type=\"widget\" data-settings=\"{&quot;drop_cap&quot;:&quot;yes&quot;}\" data-widget_type=\"text-editor.default\">\n\t\t\t\t\t\t\t\t\t<h3>Techniciens\u00a0 en assemblage de meubles \u00e0 domicile<\/h3><p>L&#8217;achat de nouveaux meubles peut \u00eatre tr\u00e8s excitant. La prochaine chose \u00e0 faire est d&#8217;assembler vos meubles et les installer, cela peut \u00eatre d\u00e9licat et il faut le faire correctement. En fait, toutes les instructions relatives au montage des meubles ne sont pas faciles \u00e0 comprendre et \u00e0 suivre. Parfois, les instructions peuvent devenir assez d\u00e9routantes et vous obliger \u00e0 passer beaucoup de temps \u00e0 essayer de comprendre et d\u2019absorber tout ce qui y est \u00e9crit.<\/p><p><img decoding=\"async\" class=\"size-medium wp-image-11551 alignright\" src=\"https:\/\/movingdowntown.ca\/fr\/wp-content\/uploads\/2021\/04\/Furniture-Assembly-300x200.jpg\" alt=\"Service d'Assemblage de Meubles\" width=\"300\" height=\"200\" \/><\/p><p>Nous pouvons vous aider \u00e0 faire face \u00e0 cette t\u00e2che difficile et vous pouvez faire des choses bien plus importantes que l\u2019assemblage de vos meubles.<\/p><p>Meubles que nous assemblons:<\/p><ul><li>armoires (armoires doubles et coulissantes);<\/li><li>tables, commodes, tables de chevet;<\/li><li><a title=\"Assemblage de cuisine\" href=\"https:\/\/movingdowntown.ca\/fr\/service\/additionnel\/assemblage-de-cuisine\/\" target=\"_blank\" rel=\"noopener\">cuisine<\/a>;<\/li><li>mobilier de bureau;<\/li><li>meubles rembourr\u00e9s (canap\u00e9s, fauteuils, lits) et plus&#8230;<\/li><\/ul>\t\t\t\t\t\t\t\t<\/div>\n\t\t\t\t<div class=\"elementor-element elementor-element-27da34e elementor-widget elementor-widget-text-editor\" data-id=\"27da34e\" data-element_type=\"widget\" data-widget_type=\"text-editor.default\">\n\t\t\t\t\t\t\t\t\t<h2 style=\"text-align: center;\"><strong>Ce Quoi Le Service d&#8217;Assemblage de Meubles?<\/strong><\/h2><p>L&#8217;un des \u00e9l\u00e9ments les plus importants de toute partie de la maison est le mobilier. Ce sont des choses essentielles qui rendent une maison plus pratique et plus conviviale \u00e0 vivre. Si vous devez d\u00e9m\u00e9nager dans une nouvelle maison et quitter l&#8217;ancienne, le d\u00e9placement des meubles peut causer des probl\u00e8mes. Une des principales raisons pour lesquelles la plupart des gens assemblent les meubles, ils les ont achet\u00e9s eux-m\u00eames. Apr\u00e8s, cherche d&#8217;avoir une id\u00e9e de la fa\u00e7on de les organiser dans la nouvelle pi\u00e8ce, mais il est plus facile d&#8217;acheter d\u00e9j\u00e0 assembler.<\/p><p>\u00a0<\/p><p><img decoding=\"async\" class=\"size-medium wp-image-152 alignleft\" src=\"https:\/\/movingdowntown.ca\/fr\/wp-content\/uploads\/2019\/11\/cuisine-montreal-300x154.jpg\" alt=\"assemblage cuisine montreal\" width=\"300\" height=\"154\" srcset=\"https:\/\/movingdowntown.ca\/new\/wp-content\/uploads\/2019\/11\/cuisine-montreal-300x154.jpg 300w, https:\/\/movingdowntown.ca\/new\/wp-content\/uploads\/2019\/11\/cuisine-montreal.jpg 342w\" sizes=\"(max-width: 300px) 100vw, 300px\" \/><\/p><p>Les meubles sont solides, abordables et tout aussi agr\u00e9ables \u00e0 utiliser, mais ils ne sont pas utiles jusqu&#8217;\u00e0 ce que cela soit possible. Dans le cas o\u00f9 vous devez d\u00e9m\u00e9nager parce que vous avez achet\u00e9 une nouvelle maison et que vous devez la renouveler avec des meubles et accessoires que vous pouvez assembler et utiliser.<\/p><p>Le meubles ne prend pas seulement en charge certaines activit\u00e9s humaines telles que dormir, se ressourcer, porter des objets \u00e0 une hauteur qui est in\u00e9vitable pour le travail, ou \u00e0 tout va bien, mais maintenant c&#8217;est tout \u00e0 fait diff\u00e9rent.<\/p><p>Le mobilier est utilis\u00e9 dans l&#8217;habitation o\u00f9 il se trouve. Mais \u00e0 ce moment-l\u00e0, le mobilier peut \u00eatre un \u00e9norme probl\u00e8me si vous ne voulez vraiment pas vous en passer. Pour cette raison, il vaut la peine de faire appel \u00e0 des sp\u00e9cialistes en assemblage de meubles qui vous aideront dans toutes vos d\u00e9marches et caprices en vous apportant la meilleure solution pour avoir la tranquillit\u00e9 d&#8217;esprit et le mobilier en bon \u00e9tat.<\/p><p>Est-il possible d&#8217;apporter plus de bonheur que l&#8217;achat d&#8217;un nouveau mod\u00e8le de mobilier? Dans le cas o\u00f9 vous devez trouver que vous devez assembler votre mobilier de chambre pi\u00e8ce par pi\u00e8ce, pouvez-vous vous rendre heureux ou plus d\u00e9sagr\u00e9able? Ne vous inqui\u00e9tez pas pour cela, car de nombreuses solutions s&#8217;offrent \u00e0 vous pour d\u00e9bloquer les probl\u00e8mes qui s&#8217;accumulent probablement dans le cadre de l&#8217;assemblage de vos meubles.<\/p><p>Beaucoup de choses viennent avec tous les mat\u00e9riaux n\u00e9cessaires et les inventions d&#8217;assemblage complet. En faisant des plans, cependant, vous pouvez vous assurer que non seulement vous serez en mesure d&#8217;assembler efficacement votre meuble, mais vous aurez du plaisir \u00e0 le faire.<\/p><p>Ce sont probablement les \u00e9l\u00e9ments les plus importants pour la planification d&#8217;un assemblage de meubles. De nombreux meubles arrivent avec de petits outils que vous pouvez utiliser, mais en ayant vos propres lignes \u00e0 la pointe. Il est plus facile d&#8217;utiliser des outils de haute qualit\u00e9 car nous pouvons gagner beaucoup de temps et \u00eatre s\u00fbrs que rien n&#8217;est cass\u00e9 de notre meuble \u00e0 assembler. De plus, les outils fournis avec l&#8217;ensemble de meubles peuvent \u00eatre inutiles et parfois difficiles \u00e0 utiliser.<\/p><p>Un marteau ou un pilote avec une poign\u00e9e solide, d&#8217;autre part, rendra le travail beaucoup moins difficile. En termes de caract\u00e9ristiques \u00e0 avoir, les autres devraient \u00eatre disponibles. Les tournevis cruciformes et \u00e0 fente sont comme la deuxi\u00e8me main, mais un marteau et une perceuse peuvent \u00e9galement \u00eatre utiles. D&#8217;ailleurs, il apprend en grande partie sur la vari\u00e9t\u00e9 r\u00e9elle de meubles de maison que vous assemblez.<\/p><p><b>Assemblage dans un Espace de Travail Propre<\/b><\/p><p>Une autre chose \u00e0 retenir est d&#8217;avoir un espace de travail propre. Avant l&#8217;arriv\u00e9e de vos meubles, essayez de vous placer dans votre chambre. D\u00e9placez les choses qui ne sont pas n\u00e9cessaires pour pouvoir avoir suffisamment d&#8217;espace sur le sol. Cela rendra beaucoup plus facile d&#8217;obtenir une id\u00e9e de ce que vous devez travailler avec. Toujours, vous voulez invoquer toutes les pi\u00e8ces de votre nouveau mobilier. Apr\u00e8s cela, on peut rapidement savoir ce dont on a besoin lorsque le moment de monter le meuble pi\u00e8ce par pi\u00e8ce est venu. Suivez ces \u00e9tapes pour aider \u00e0 m\u00e9langer votre nouveau meuble et vous serez en bonne sant\u00e9.<\/p><p>Il faut beaucoup de patience pour assembler des meubles \u00e0 partir de pi\u00e8ces individuelles, et aussi pour suivre l&#8217;ordre d&#8217;assemblage pi\u00e8ce par pi\u00e8ce. Lorsque ces mesures sont prises \u00e0 temps, par exemple, le mobilier peut \u00eatre instable. La vie est trop courte pour perdre votre temps \u00e0 choisir des meubles; laisser l&#8217;expert de l&#8217;opportunit\u00e9 et la minimiser.<\/p><h3><strong>R<\/strong><strong>echerche<\/strong><strong>z<\/strong><strong> de Assembleurs <\/strong><strong>P<\/strong><strong>rofessionnels?<\/strong><\/h3><p>Lors de l&#8217;assemblage, un plateau droit est la cl\u00e9 d&#8217;un assemblage r\u00e9ussi, car il offre une position parfaite pour des r\u00e9sultats de haute qualit\u00e9.<\/p><p>Il est certainement possible pour vous d&#8217;assembler vous-m\u00eame des meubles plats, mais faire essayer par un assembleur expert est son avantage. Voici peut-\u00eatre une liste de raisons pour lesquelles l&#8217;embauche d&#8217;un expert pourrait \u00e9galement valoir le co\u00fbt:<\/p><ul><li>ils s&#8217;attaqueront aux difficult\u00e9s pouvant survenir lors du montage;<\/li><li>certains meubles n\u00e9cessitent des outils sp\u00e9cialis\u00e9s \u00e0 assembler que les sp\u00e9cialistes de l&#8217;assemblage peuvent manipuler;<\/li><li>s&#8217;assurer de la protection et aussi de la stabilit\u00e9 du mobilier;<\/li><li>payer un expert peut minimiser votre stress personnel.<\/li><\/ul>\t\t\t\t\t\t\t\t<\/div>\n\t\t\t\t<div class=\"elementor-element elementor-element-547dde6 elementor-widget elementor-widget-facebook-comments\" data-id=\"547dde6\" data-element_type=\"widget\" data-widget_type=\"facebook-comments.default\">\n\t\t\t\t\t\t\t<div class=\"elementor-facebook-widget fb-comments\" data-href=\"https:\/\/movingdowntown.ca\/new?p=393\" data-width=\"100%\" data-numposts=\"10\" data-order-by=\"social\" style=\"min-height: 1px\"><\/div>\n\t\t\t\t\t\t<\/div>\n\t\t\t\t\t<\/div>\n\t\t<\/div>\n\t\t\t\t\t<\/div>\n\t\t<\/section>\n\t\t\t\t<\/div>\n\t\t","protected":false},"excerpt":{"rendered":"<p>Assemblage de Meuble et Installation Assemblage de Meubles Nous sommes l\u00e0 pour vous aider Assemblage de Meubles Centre-Ville est un bon choix si vous recherchez des services d&#8217;assemblage de meubles \u00e0 Montr\u00e9al, Laval, Longueuil, Brossard &#8230; Montage de meuble \u00e0 la maison\u00a0 de chez\u00a0 BRICK, IKEA, LEON, WALMART, WHOLESALE OFFICE, SEARS, STRUCTUBE, BRAULT &amp; MARTINEAU [&hellip;]<\/p>\n","protected":false},"author":5,"featured_media":0,"parent":22460,"menu_order":15,"comment_status":"closed","ping_status":"closed","template":"elementor_header_footer","meta":{"site-sidebar-layout":"default","site-content-layout":"","ast-site-content-layout":"default","site-content-style":"default","site-sidebar-style":"default","ast-global-header-display":"","ast-banner-title-visibility":"","ast-main-header-display":"","ast-hfb-above-header-display":"","ast-hfb-below-header-display":"","ast-hfb-mobile-header-display":"","site-post-title":"","ast-breadcrumbs-content":"","ast-featured-img":"","footer-sml-layout":"","ast-disable-related-posts":"","theme-transparent-header-meta":"","adv-header-id-meta":"","stick-header-meta":"","header-above-stick-meta":"","header-main-stick-meta":"","header-below-stick-meta":"","astra-migrate-meta-layouts":"default","ast-page-background-enabled":"default","ast-page-background-meta":{"desktop":{"background-color":"","background-image":"","background-repeat":"repeat","background-position":"center center","background-size":"auto","background-attachment":"scroll","background-type":"","background-media":"","overlay-type":"","overlay-color":"","overlay-opacity":"","overlay-gradient":""},"tablet":{"background-color":"","background-image":"","background-repeat":"repeat","background-position":"center center","background-size":"auto","background-attachment":"scroll","background-type":"","background-media":"","overlay-type":"","overlay-color":"","overlay-opacity":"","overlay-gradient":""},"mobile":{"background-color":"","background-image":"","background-repeat":"repeat","background-position":"center center","background-size":"auto","background-attachment":"scroll","background-type":"","background-media":"","overlay-type":"","overlay-color":"","overlay-opacity":"","overlay-gradient":""}},"ast-content-background-meta":{"desktop":{"background-color":"var(--ast-global-color-5)","background-image":"","background-repeat":"repeat","background-position":"center center","background-size":"auto","background-attachment":"scroll","background-type":"","background-media":"","overlay-type":"","overlay-color":"","overlay-opacity":"","overlay-gradient":""},"tablet":{"background-color":"var(--ast-global-color-5)","background-image":"","background-repeat":"repeat","background-position":"center center","background-size":"auto","background-attachment":"scroll","background-type":"","background-media":"","overlay-type":"","overlay-color":"","overlay-opacity":"","overlay-gradient":""},"mobile":{"background-color":"var(--ast-global-color-5)","background-image":"","background-repeat":"repeat","background-position":"center center","background-size":"auto","background-attachment":"scroll","background-type":"","background-media":"","overlay-type":"","overlay-color":"","overlay-opacity":"","overlay-gradient":""}},"footnotes":""},"class_list":["post-393","page","type-page","status-publish","hentry"],"_links":{"self":[{"href":"https:\/\/movingdowntown.ca\/new\/wp-json\/wp\/v2\/pages\/393","targetHints":{"allow":["GET"]}}],"collection":[{"href":"https:\/\/movingdowntown.ca\/new\/wp-json\/wp\/v2\/pages"}],"about":[{"href":"https:\/\/movingdowntown.ca\/new\/wp-json\/wp\/v2\/types\/page"}],"author":[{"embeddable":true,"href":"https:\/\/movingdowntown.ca\/new\/wp-json\/wp\/v2\/users\/5"}],"replies":[{"embeddable":true,"href":"https:\/\/movingdowntown.ca\/new\/wp-json\/wp\/v2\/comments?post=393"}],"version-history":[{"count":1,"href":"https:\/\/movingdowntown.ca\/new\/wp-json\/wp\/v2\/pages\/393\/revisions"}],"predecessor-version":[{"id":27050,"href":"https:\/\/movingdowntown.ca\/new\/wp-json\/wp\/v2\/pages\/393\/revisions\/27050"}],"up":[{"embeddable":true,"href":"https:\/\/movingdowntown.ca\/new\/wp-json\/wp\/v2\/pages\/22460"}],"wp:attachment":[{"href":"https:\/\/movingdowntown.ca\/new\/wp-json\/wp\/v2\/media?parent=393"}],"curies":[{"name":"wp","href":"https:\/\/api.w.org\/{rel}","templated":true}]}}