







{"id":440,"date":"2019-11-17T17:19:31","date_gmt":"2019-11-17T17:19:31","guid":{"rendered":"https:\/\/movingdowntown.ca\/fr\/?page_id=440"},"modified":"2026-01-06T17:07:37","modified_gmt":"2026-01-06T17:07:37","slug":"nettoyage","status":"publish","type":"page","link":"https:\/\/movingdowntown.ca\/new\/fr\/service\/additionnel\/nettoyage\/","title":{"rendered":"Service de Nettoyage"},"content":{"rendered":"\t\t<div data-elementor-type=\"wp-page\" data-elementor-id=\"440\" class=\"elementor elementor-440\" data-elementor-post-type=\"page\">\n\t\t\t\t\t\t<section class=\"elementor-section elementor-top-section elementor-element elementor-element-37741b7 elementor-reverse-mobile elementor-section-boxed elementor-section-height-default elementor-section-height-default\" data-id=\"37741b7\" data-element_type=\"section\">\n\t\t\t\t\t\t<div class=\"elementor-container elementor-column-gap-default\">\n\t\t\t\t\t<div class=\"elementor-column elementor-col-50 elementor-top-column elementor-element elementor-element-d1371b2\" data-id=\"d1371b2\" data-element_type=\"column\" data-settings=\"{&quot;background_background&quot;:&quot;classic&quot;}\">\n\t\t\t<div class=\"elementor-widget-wrap elementor-element-populated\">\n\t\t\t\t\t\t<div class=\"elementor-element elementor-element-d37aeed elementor-widget elementor-widget-heading\" data-id=\"d37aeed\" data-element_type=\"widget\" data-widget_type=\"heading.default\">\n\t\t\t\t\t<h1 class=\"elementor-heading-title elementor-size-default\">Service de Nettoyage <\/h1>\t\t\t\t<\/div>\n\t\t\t\t<div class=\"elementor-element elementor-element-13be7b4 elementor-widget-divider--view-line elementor-widget elementor-widget-divider\" data-id=\"13be7b4\" data-element_type=\"widget\" data-widget_type=\"divider.default\">\n\t\t\t\t\t\t\t<div class=\"elementor-divider\">\n\t\t\t<span class=\"elementor-divider-separator\">\n\t\t\t\t\t\t<\/span>\n\t\t<\/div>\n\t\t\t\t\t\t<\/div>\n\t\t\t\t<div class=\"elementor-element elementor-element-c8f1371 elementor-drop-cap-yes elementor-drop-cap-view-default elementor-widget elementor-widget-text-editor\" data-id=\"c8f1371\" data-element_type=\"widget\" data-settings=\"{&quot;drop_cap&quot;:&quot;yes&quot;}\" data-widget_type=\"text-editor.default\">\n\t\t\t\t\t\t\t\t\t<p><img fetchpriority=\"high\" decoding=\"async\" class=\"size-medium wp-image-449 alignright\" src=\"https:\/\/movingdowntown.ca\/fr\/wp-content\/uploads\/2019\/11\/nettoyage-avant-et-apres-le-d\u00e9m\u00e9nagement-300x189.jpg\" alt=\"Service de nettoyage\" width=\"300\" height=\"189\" \/><\/p><p><strong>Vous cherchez une entreprise de nettoyage? Vous d\u00e9m\u00e9nagez et vous souhaitez engager une entreprise de nettoyage? Vous n&#8217;avez pas le temps de faire le m\u00e9nage et vous souhaitez engager des sp\u00e9cialistes en nettoyage?<\/strong><\/p><p>Contactez notre soci\u00e9t\u00e9 pour avoir l&#8217;esprit tranquille et \u00e9conomiser votre temps. Notre personnel qualifi\u00e9 peut effectuer toutes les t\u00e2ches de nettoyage difficile dans le but de satisfaire nos clients. Nous avons plusieurs ann\u00e9es d&#8217;exp\u00e9rience dans le domaine de l&#8217;assainissement, ce qui nous permet d&#8217;ex\u00e9cuter n&#8217;importe quelle t\u00e2che avec pr\u00e9cision. Que ce soit pour la remise en \u00e9tat des biens avant ou apr\u00e8s le d\u00e9m\u00e9nagement, nous sommes l\u00e0 pour vous aider.<\/p><p><strong><span style=\"color: #000000;\"><span class=\"tlid-translation translation\" lang=\"fr\"><span class=\"\" title=\"\">Vos besoins de nettoyage sont nos priorit\u00e9s<\/span><\/span><\/span><\/strong><\/p><p><span style=\"color: #000000;\">Notre \u00e9quipe d&#8217;assainissement est form\u00e9e afin que nos clients disposent de services de nettoyage impeccables. Travailler avec nous donne la garantie que le contrat de location sera trait\u00e9 avec pr\u00e9cision et que votre d\u00e9p\u00f4t sera enti\u00e8rement assur\u00e9. Les pr\u00e9f\u00e9rences personnelles de nos clients constituent la priorit\u00e9 num\u00e9ro 1 de notre rapport de travail.<\/span><\/p><p><span style=\"color: #000000;\">Gr\u00e2ce \u00e0 nos machines de derni\u00e8re g\u00e9n\u00e9ration, il est possible d&#8217;accomplir toutes les t\u00e2ches difficiles, d&#8217;\u00e9liminer la salet\u00e9, la poussi\u00e8re, les bact\u00e9ries ou d&#8217;exterminer les champignons qui se sont install\u00e9s dans votre abri. Moving Downtown Montreal r\u00e9pond \u00e0 vos besoins en mati\u00e8re de nettoyage et peut r\u00e9pondre \u00e0 vos questions afin que vous soyez pleinement satisfait.<\/span><\/p><h3>Produit de nettoyage \u00e9cologique<\/h3><p><span style=\"color: #000000;\">Notre compagnie s&#8217;int\u00e9resse non seulement au nettoyage, mais \u00e9galement aux produits de nettoyage utilis\u00e9s. En cons\u00e9quence, seuls des produits de nettoyage \u00e9cologiques sont fournis, sans danger pour l&#8217;homme. Par la suite, les produits de nettoyage utilis\u00e9s ne laissent pas de taches toxiques ou chimiques et garantissent un environnement propre \u00e0 nos clients.<\/span><\/p><p><span style=\"color: #000000;\">Qu&#8217;il s&#8217;agisse de surfaces en granit, en pierre ou en bois, de tous types de meubles, de tissus, de tapis ou de moquettes, nos sp\u00e9cialistes du nettoyage feront face au d\u00e9fi avec nos produits de nettoyage 100% \u00e9cologiques.<\/span><\/p><p><span style=\"color: #000000;\">Dans l&#8217;environnement de travail, vous pouvez r\u00e9server un travail de nettoyage de derni\u00e8re minute ou travailler en dehors des heures de travail pendant la nuit. Des contrats \u00e0 court et \u00e0 long terme peuvent \u00eatre sign\u00e9s avec les entreprises int\u00e9ress\u00e9es. Contactez-nous maintenant pour vous inclure dans notre programme de nettoyage.<\/span><\/p><p><span style=\"color: #000000;\"><strong>Notre compagnie peut desservir les clients de la r\u00e9gion de Montr\u00e9al ainsi que de l\u2019ext\u00e9rieur, rive-nord et de la rive-sud.<\/strong><\/span><\/p>\t\t\t\t\t\t\t\t<\/div>\n\t\t\t\t\t<\/div>\n\t\t<\/div>\n\t\t\t\t<div class=\"elementor-column elementor-col-50 elementor-top-column elementor-element elementor-element-10f8bc0\" data-id=\"10f8bc0\" data-element_type=\"column\" data-settings=\"{&quot;background_background&quot;:&quot;classic&quot;}\">\n\t\t\t<div class=\"elementor-widget-wrap elementor-element-populated\">\n\t\t\t\t\t\t<div class=\"elementor-element elementor-element-af2b831 elementor-align-right elementor-widget elementor-widget-button\" data-id=\"af2b831\" data-element_type=\"widget\" data-widget_type=\"button.default\">\n\t\t\t\t\t\t\t\t\t\t<a class=\"elementor-button elementor-button-link elementor-size-xs\" href=\"https:\/\/movingdowntown.ca\/service\/additional-service\/cleaning-service\/\" id=\"fr\">\n\t\t\t\t\t\t<span class=\"elementor-button-content-wrapper\">\n\t\t\t\t\t\t\t\t\t<span class=\"elementor-button-text\"><span title=\"En\">  <span class=\"spmenu\"><span class=\"sprite_en\"><\/span><\/span><\/span>\n\t\t\t\t\t<\/span>\n\t\t\t\t\t<\/a>\n\t\t\t\t\t\t\t\t<\/div>\n\t\t\t\t<div class=\"elementor-element elementor-element-45cf9ef elementor-widget elementor-widget-html\" data-id=\"45cf9ef\" data-element_type=\"widget\" data-widget_type=\"html.default\">\n\t\t\t\t\t<form  id=\"contact\" action=\"\/fr\/wp-content\/themes\/glob\/mail1.php\" method=\"post\">\n<h3>Devis Rapide 24H<\/h3>\n\t<a><label for=\"name\">Date<\/label><br><input type=\"date\" name=\"name\" id=\"name\" placeholder=\"jj\/mm\/aaaa\" required=\"\">\n\t\n\t<br><label for=\"url\">Type de D\u00e9m\u00e9nagement<\/label><br>\n\t<select name=\"sub\"  id=\"url\" required=\"\"><option value=\"\" disabled=\"\" selected=\"\">Choisir option<\/option><option value=\"Residential Moving\">D\u00e9m\u00e9nagement r\u00e9sidentiel<\/option><option value=\"Commercial Moving\">D\u00e9m\u00e9nagement commercial<\/option><option value=\"Industrial Moving\">D\u00e9m\u00e9nagement industriel<\/option><option value=\"Piano Moving\">D\u00e9m\u00e9nagement Piano<\/option><option value=\"Billiard Moving\">D\u00e9m\u00e9nagement Billiard <\/option><option value=\"Delivery\">Livraison<\/option><option value=\"Storage\">Entreposage<\/option><option value=\"Furniture Assembly\">Assemblage de meubles<\/option><option value=\"Kitchen Assembly\">Assemblage de cuisine<\/option><option value=\"Service de nettoyage\">Service de nettoyage<\/option><\/select><\/br>\n\n<label for=\"author\">Adresse et Code Postal<\/label><br><input type=\"text\" name=\"departure\" id=\"departure\" placeholder=\"\" required=\"\">\n\n<div><input type=\"email\" name=\"email\"  id=\"email\" placeholder=\"E-@mail.com\" required=\"\"><\/div>\n\t<div> <input type=\"text\" name=\"tel\" id=\"tel\" placeholder=\"Num\u00e9ro de t\u00e9l\u00e9phone\" required=\"\"><\/div>\n\t<div><textarea name=\"message\" cols=\"20\" rows=\"3\"  id=\"comment\" placeholder=\"Message\" required=\"\"><\/textarea><\/div><\/a>\n\n<div class=\"w0\"><textarea id=\"message1\" class=\"w100 border\" name=\"message1\" rows=\"5\"><\/textarea>\n<input id=\"check\" name=\"check\" type=\"text\" value=\"\" \/><\/div>\n<input id=\"submit\" type=\"submit\" value=\"Envoyer\" onclick=\"document.getElementById('check').value = 'stopSpam';\" \/>\n<div id=\"note\"><\/div>\n<div id=\"fields\"><\/div>\n<\/form>\n\n\t\t\t\t<\/div>\n\t\t\t\t<div class=\"elementor-element elementor-element-b0df8a3 elementor-button-warning elementor-align-center elementor-hidden-phone elementor-widget elementor-widget-button\" data-id=\"b0df8a3\" data-element_type=\"widget\" data-widget_type=\"button.default\">\n\t\t\t\t\t\t\t\t\t\t<a class=\"elementor-button elementor-size-xs\" role=\"button\">\n\t\t\t\t\t\t<span class=\"elementor-button-content-wrapper\">\n\t\t\t\t\t\t<span class=\"elementor-button-icon\">\n\t\t\t\t<i aria-hidden=\"true\" class=\"fab fa-cc-paypal\"><\/i>\t\t\t<\/span>\n\t\t\t\t\t\t\t\t\t<span class=\"elementor-button-text\">D\u00e9p\u00f4t<\/span>\n\t\t\t\t\t<\/span>\n\t\t\t\t\t<\/a>\n\t\t\t\t\t\t\t\t<\/div>\n\t\t\t\t<div class=\"elementor-element elementor-element-d2236e6 elementor-widget elementor-widget-spacer\" data-id=\"d2236e6\" data-element_type=\"widget\" data-widget_type=\"spacer.default\">\n\t\t\t\t\t\t\t<div class=\"elementor-spacer\">\n\t\t\t<div class=\"elementor-spacer-inner\"><\/div>\n\t\t<\/div>\n\t\t\t\t\t\t<\/div>\n\t\t\t\t<div class=\"elementor-element elementor-element-d3f43b2 elementor-shape-circle elementor-grid-0 e-grid-align-center elementor-widget elementor-widget-social-icons\" data-id=\"d3f43b2\" data-element_type=\"widget\" data-widget_type=\"social-icons.default\">\n\t\t\t\t\t\t\t<div class=\"elementor-social-icons-wrapper elementor-grid\" role=\"list\">\n\t\t\t\t\t\t\t<span class=\"elementor-grid-item\" role=\"listitem\">\n\t\t\t\t\t<a class=\"elementor-icon elementor-social-icon elementor-social-icon-facebook elementor-repeater-item-c562344\" href=\"https:\/\/www.facebook.com\/movingdowntown.ca\" target=\"_blank\">\n\t\t\t\t\t\t<span class=\"elementor-screen-only\">Facebook<\/span>\n\t\t\t\t\t\t<i aria-hidden=\"true\" class=\"fab fa-facebook\"><\/i>\t\t\t\t\t<\/a>\n\t\t\t\t<\/span>\n\t\t\t\t\t\t\t<span class=\"elementor-grid-item\" role=\"listitem\">\n\t\t\t\t\t<a class=\"elementor-icon elementor-social-icon elementor-social-icon-twitter elementor-repeater-item-4748872\" href=\"https:\/\/twitter.com\/downtown_moving\" target=\"_blank\">\n\t\t\t\t\t\t<span class=\"elementor-screen-only\">Twitter<\/span>\n\t\t\t\t\t\t<i aria-hidden=\"true\" class=\"fab fa-twitter\"><\/i>\t\t\t\t\t<\/a>\n\t\t\t\t<\/span>\n\t\t\t\t\t\t\t<span class=\"elementor-grid-item\" role=\"listitem\">\n\t\t\t\t\t<a class=\"elementor-icon elementor-social-icon elementor-social-icon-yelp elementor-repeater-item-62af4bf\" href=\"https:\/\/fr.yelp.ca\/biz\/moving-downtown-montr%C3%A9al\" target=\"_blank\">\n\t\t\t\t\t\t<span class=\"elementor-screen-only\">Yelp<\/span>\n\t\t\t\t\t\t<i aria-hidden=\"true\" class=\"fab fa-yelp\"><\/i>\t\t\t\t\t<\/a>\n\t\t\t\t<\/span>\n\t\t\t\t\t\t\t<span class=\"elementor-grid-item\" role=\"listitem\">\n\t\t\t\t\t<a class=\"elementor-icon elementor-social-icon elementor-social-icon-youtube elementor-repeater-item-cdb4c37\" href=\"https:\/\/www.youtube.com\/channel\/UCKAk8DiEI1uRsa9iwAYQSjg\" target=\"_blank\">\n\t\t\t\t\t\t<span class=\"elementor-screen-only\">Youtube<\/span>\n\t\t\t\t\t\t<i aria-hidden=\"true\" class=\"fab fa-youtube\"><\/i>\t\t\t\t\t<\/a>\n\t\t\t\t<\/span>\n\t\t\t\t\t\t\t<span class=\"elementor-grid-item\" role=\"listitem\">\n\t\t\t\t\t<a class=\"elementor-icon elementor-social-icon elementor-social-icon-pinterest elementor-repeater-item-7d585c7\" href=\"https:\/\/www.pinterest.ca\/movingdowntown\/\" target=\"_blank\">\n\t\t\t\t\t\t<span class=\"elementor-screen-only\">Pinterest<\/span>\n\t\t\t\t\t\t<i aria-hidden=\"true\" class=\"fab fa-pinterest\"><\/i>\t\t\t\t\t<\/a>\n\t\t\t\t<\/span>\n\t\t\t\t\t\t\t<span class=\"elementor-grid-item\" role=\"listitem\">\n\t\t\t\t\t<a class=\"elementor-icon elementor-social-icon elementor-social-icon-instagram elementor-repeater-item-97ef522\" href=\"https:\/\/www.instagram.com\/movingdowntown1\/\" target=\"_blank\">\n\t\t\t\t\t\t<span class=\"elementor-screen-only\">Instagram<\/span>\n\t\t\t\t\t\t<i aria-hidden=\"true\" class=\"fab fa-instagram\"><\/i>\t\t\t\t\t<\/a>\n\t\t\t\t<\/span>\n\t\t\t\t\t\t\t<span class=\"elementor-grid-item\" role=\"listitem\">\n\t\t\t\t\t<a class=\"elementor-icon elementor-social-icon elementor-social-icon-linkedin elementor-repeater-item-7d0f1ec\" href=\"https:\/\/www.linkedin.com\/in\/moving-downtown-406203196\/\" target=\"_blank\">\n\t\t\t\t\t\t<span class=\"elementor-screen-only\">Linkedin<\/span>\n\t\t\t\t\t\t<i aria-hidden=\"true\" class=\"fab fa-linkedin\"><\/i>\t\t\t\t\t<\/a>\n\t\t\t\t<\/span>\n\t\t\t\t\t\t\t<span class=\"elementor-grid-item\" role=\"listitem\">\n\t\t\t\t\t<a class=\"elementor-icon elementor-social-icon elementor-social-icon-flickr elementor-repeater-item-24f5bcf\" href=\"https:\/\/www.flickr.com\/people\/185183922@N03\/\" target=\"_blank\">\n\t\t\t\t\t\t<span class=\"elementor-screen-only\">Flickr<\/span>\n\t\t\t\t\t\t<i aria-hidden=\"true\" class=\"fab fa-flickr\"><\/i>\t\t\t\t\t<\/a>\n\t\t\t\t<\/span>\n\t\t\t\t\t\t\t<span class=\"elementor-grid-item\" role=\"listitem\">\n\t\t\t\t\t<a class=\"elementor-icon elementor-social-icon elementor-social-icon-link elementor-repeater-item-3092489\" href=\"https:\/\/www.dailymotion.com\/movingdowntown\" target=\"_blank\">\n\t\t\t\t\t\t<span class=\"elementor-screen-only\">Link<\/span>\n\t\t\t\t\t\t<i aria-hidden=\"true\" class=\"fas fa-link\"><\/i>\t\t\t\t\t<\/a>\n\t\t\t\t<\/span>\n\t\t\t\t\t<\/div>\n\t\t\t\t\t\t<\/div>\n\t\t\t\t\t<\/div>\n\t\t<\/div>\n\t\t\t\t\t<\/div>\n\t\t<\/section>\n\t\t\t\t<\/div>\n\t\t","protected":false},"excerpt":{"rendered":"<p>Service de Nettoyage Vous cherchez une entreprise de nettoyage? Vous d\u00e9m\u00e9nagez et vous souhaitez engager une entreprise de nettoyage? Vous n&#8217;avez pas le temps de faire le m\u00e9nage et vous souhaitez engager des sp\u00e9cialistes en nettoyage? Contactez notre soci\u00e9t\u00e9 pour avoir l&#8217;esprit tranquille et \u00e9conomiser votre temps. Notre personnel qualifi\u00e9 peut effectuer toutes les t\u00e2ches [&hellip;]<\/p>\n","protected":false},"author":5,"featured_media":449,"parent":373,"menu_order":17,"comment_status":"closed","ping_status":"closed","template":"elementor_header_footer","meta":{"site-sidebar-layout":"default","site-content-layout":"","ast-site-content-layout":"default","site-content-style":"default","site-sidebar-style":"default","ast-global-header-display":"","ast-banner-title-visibility":"","ast-main-header-display":"","ast-hfb-above-header-display":"","ast-hfb-below-header-display":"","ast-hfb-mobile-header-display":"","site-post-title":"","ast-breadcrumbs-content":"","ast-featured-img":"","footer-sml-layout":"","ast-disable-related-posts":"","theme-transparent-header-meta":"","adv-header-id-meta":"","stick-header-meta":"","header-above-stick-meta":"","header-main-stick-meta":"","header-below-stick-meta":"","astra-migrate-meta-layouts":"default","ast-page-background-enabled":"default","ast-page-background-meta":{"desktop":{"background-color":"","background-image":"","background-repeat":"repeat","background-position":"center center","background-size":"auto","background-attachment":"scroll","background-type":"","background-media":"","overlay-type":"","overlay-color":"","overlay-opacity":"","overlay-gradient":""},"tablet":{"background-color":"","background-image":"","background-repeat":"repeat","background-position":"center center","background-size":"auto","background-attachment":"scroll","background-type":"","background-media":"","overlay-type":"","overlay-color":"","overlay-opacity":"","overlay-gradient":""},"mobile":{"background-color":"","background-image":"","background-repeat":"repeat","background-position":"center center","background-size":"auto","background-attachment":"scroll","background-type":"","background-media":"","overlay-type":"","overlay-color":"","overlay-opacity":"","overlay-gradient":""}},"ast-content-background-meta":{"desktop":{"background-color":"var(--ast-global-color-5)","background-image":"","background-repeat":"repeat","background-position":"center center","background-size":"auto","background-attachment":"scroll","background-type":"","background-media":"","overlay-type":"","overlay-color":"","overlay-opacity":"","overlay-gradient":""},"tablet":{"background-color":"var(--ast-global-color-5)","background-image":"","background-repeat":"repeat","background-position":"center center","background-size":"auto","background-attachment":"scroll","background-type":"","background-media":"","overlay-type":"","overlay-color":"","overlay-opacity":"","overlay-gradient":""},"mobile":{"background-color":"var(--ast-global-color-5)","background-image":"","background-repeat":"repeat","background-position":"center center","background-size":"auto","background-attachment":"scroll","background-type":"","background-media":"","overlay-type":"","overlay-color":"","overlay-opacity":"","overlay-gradient":""}},"footnotes":""},"class_list":["post-440","page","type-page","status-publish","has-post-thumbnail","hentry"],"_links":{"self":[{"href":"https:\/\/movingdowntown.ca\/new\/wp-json\/wp\/v2\/pages\/440","targetHints":{"allow":["GET"]}}],"collection":[{"href":"https:\/\/movingdowntown.ca\/new\/wp-json\/wp\/v2\/pages"}],"about":[{"href":"https:\/\/movingdowntown.ca\/new\/wp-json\/wp\/v2\/types\/page"}],"author":[{"embeddable":true,"href":"https:\/\/movingdowntown.ca\/new\/wp-json\/wp\/v2\/users\/5"}],"replies":[{"embeddable":true,"href":"https:\/\/movingdowntown.ca\/new\/wp-json\/wp\/v2\/comments?post=440"}],"version-history":[{"count":1,"href":"https:\/\/movingdowntown.ca\/new\/wp-json\/wp\/v2\/pages\/440\/revisions"}],"predecessor-version":[{"id":29792,"href":"https:\/\/movingdowntown.ca\/new\/wp-json\/wp\/v2\/pages\/440\/revisions\/29792"}],"up":[{"embeddable":true,"href":"https:\/\/movingdowntown.ca\/new\/wp-json\/wp\/v2\/pages\/373"}],"wp:featuredmedia":[{"embeddable":true,"href":"https:\/\/movingdowntown.ca\/new\/wp-json\/wp\/v2\/media\/449"}],"wp:attachment":[{"href":"https:\/\/movingdowntown.ca\/new\/wp-json\/wp\/v2\/media?parent=440"}],"curies":[{"name":"wp","href":"https:\/\/api.w.org\/{rel}","templated":true}]}}